{"id":9061,"date":"2024-01-24T16:32:51","date_gmt":"2024-01-24T16:32:51","guid":{"rendered":"https:\/\/smion.com\/?page_id=9061"},"modified":"2024-05-22T09:12:35","modified_gmt":"2024-05-22T09:12:35","slug":"zakazi-poziv","status":"publish","type":"page","link":"https:\/\/smion.com\/hr\/zakazi-poziv\/","title":{"rendered":"Zaka\u017ei poziv"},"content":{"rendered":"\t\t<div data-elementor-type=\"wp-page\" data-elementor-id=\"9061\" class=\"elementor elementor-9061 elementor-9060\" data-elementor-post-type=\"page\">\n\t\t\t\t\t\t<section class=\"elementor-section elementor-top-section elementor-element elementor-element-e8dcba9 elementor-section-boxed elementor-section-height-default elementor-section-height-default\" data-id=\"e8dcba9\" data-element_type=\"section\" data-e-type=\"section\" data-settings=\"{&quot;background_background&quot;:&quot;classic&quot;}\">\n\t\t\t\t\t\t<div class=\"elementor-container elementor-column-gap-default\">\n\t\t\t\t\t<div class=\"elementor-column elementor-col-100 elementor-top-column elementor-element elementor-element-7a5d575\" data-id=\"7a5d575\" data-element_type=\"column\" data-e-type=\"column\">\n\t\t\t<div class=\"elementor-widget-wrap elementor-element-populated\">\n\t\t\t\t\t\t<div class=\"elementor-element elementor-element-26c3294 elementor-widget elementor-widget-hubspot-form\" data-id=\"26c3294\" data-element_type=\"widget\" data-e-type=\"widget\" data-widget_type=\"hubspot-form.default\">\n\t\t\t\t<div class=\"elementor-widget-container\">\n\t\t\t\t\t\n\t\t\t\t\t\t<script>\n\t\t\t\t\t\t\twindow.hsFormsOnReady = window.hsFormsOnReady || [];\n\t\t\t\t\t\t\twindow.hsFormsOnReady.push(()=>{\n\t\t\t\t\t\t\t\thbspt.forms.create({\n\t\t\t\t\t\t\t\t\tportalId: 8923442,\n\t\t\t\t\t\t\t\t\tformId: \"b744c387-9533-4504-a2ed-9605a8ebac06\",\n\t\t\t\t\t\t\t\t\ttarget: \"#hbspt-form-1778074833000-6297502715\",\n\t\t\t\t\t\t\t\t\tregion: \"na1\",\n\t\t\t\t\t\t\t\t\t\n\t\t\t\t\t\t\t})});\n\t\t\t\t\t\t<\/script>\n\t\t\t\t\t\t<div class=\"hbspt-form\" id=\"hbspt-form-1778074833000-6297502715\"><\/div>\t\t\t\t<\/div>\n\t\t\t\t<\/div>\n\t\t\t\t\t<\/div>\n\t\t<\/div>\n\t\t\t\t\t<\/div>\n\t\t<\/section>\n\t\t\t\t<\/div>\n\t\t","protected":false},"excerpt":{"rendered":"","protected":false},"author":2,"featured_media":10672,"parent":0,"menu_order":0,"comment_status":"closed","ping_status":"closed","template":"","meta":{"_acf_changed":false,"content-type":"","_uf_show_specific_survey":0,"_uf_disable_surveys":false,"_themeisle_gutenberg_block_has_review":false,"footnotes":""},"categories":[],"tags":[],"class_list":["post-9061","page","type-page","status-publish","has-post-thumbnail","hentry"],"acf":[],"yoast_head":"<!-- This site is optimized with the Yoast SEO plugin v27.5 - https:\/\/yoast.com\/product\/yoast-seo-wordpress\/ -->\n<title>Zaka\u017ei poziv - Smion<\/title>\n<meta name=\"description\" content=\"Rezervirajte besplatan konzultacijski razgovor s na\u0161im timom stru\u010dnjaka. Krenimo inovirati, tra\u017eiti rje\u0161enja i uspjeh zajedno!\" \/>\n<meta name=\"robots\" content=\"index, follow, max-snippet:-1, max-image-preview:large, max-video-preview:-1\" \/>\n<link rel=\"canonical\" href=\"https:\/\/smion.com\/hr\/zakazi-poziv\/\" \/>\n<meta property=\"og:locale\" content=\"hr_HR\" \/>\n<meta property=\"og:type\" content=\"article\" \/>\n<meta property=\"og:title\" content=\"Zaka\u017ei poziv - Smion\" \/>\n<meta property=\"og:description\" content=\"Rezervirajte besplatan konzultacijski razgovor s na\u0161im timom stru\u010dnjaka. Krenimo inovirati, tra\u017eiti rje\u0161enja i uspjeh zajedno!\" \/>\n<meta property=\"og:url\" content=\"https:\/\/smion.com\/hr\/zakazi-poziv\/\" \/>\n<meta property=\"og:site_name\" content=\"Smion\" \/>\n<meta property=\"article:publisher\" content=\"https:\/\/www.facebook.com\/smion.daretoinnovate\" \/>\n<meta property=\"article:modified_time\" content=\"2024-05-22T09:12:35+00:00\" \/>\n<meta property=\"og:image\" content=\"https:\/\/smion.com\/wp-content\/uploads\/2024\/04\/schedule_call.png\" \/>\n\t<meta property=\"og:image:width\" content=\"753\" \/>\n\t<meta property=\"og:image:height\" content=\"487\" \/>\n\t<meta property=\"og:image:type\" content=\"image\/png\" \/>\n<meta name=\"twitter:card\" content=\"summary_large_image\" \/>\n<meta name=\"twitter:label1\" content=\"Procijenjeno vrijeme \u010ditanja\" \/>\n\t<meta name=\"twitter:data1\" content=\"1 minuta\" \/>\n<script type=\"application\/ld+json\" class=\"yoast-schema-graph\">{\"@context\":\"https:\\\/\\\/schema.org\",\"@graph\":[{\"@type\":\"WebPage\",\"@id\":\"https:\\\/\\\/smion.com\\\/hr\\\/zakazi-poziv\\\/\",\"url\":\"https:\\\/\\\/smion.com\\\/hr\\\/zakazi-poziv\\\/\",\"name\":\"Zaka\u017ei poziv - Smion\",\"isPartOf\":{\"@id\":\"https:\\\/\\\/smion.com\\\/#website\"},\"primaryImageOfPage\":{\"@id\":\"https:\\\/\\\/smion.com\\\/hr\\\/zakazi-poziv\\\/#primaryimage\"},\"image\":{\"@id\":\"https:\\\/\\\/smion.com\\\/hr\\\/zakazi-poziv\\\/#primaryimage\"},\"thumbnailUrl\":\"https:\\\/\\\/smion.com\\\/wp-content\\\/uploads\\\/2024\\\/04\\\/schedule_call.png\",\"datePublished\":\"2024-01-24T16:32:51+00:00\",\"dateModified\":\"2024-05-22T09:12:35+00:00\",\"description\":\"Rezervirajte besplatan konzultacijski razgovor s na\u0161im timom stru\u010dnjaka. Krenimo inovirati, tra\u017eiti rje\u0161enja i uspjeh zajedno!\",\"breadcrumb\":{\"@id\":\"https:\\\/\\\/smion.com\\\/hr\\\/zakazi-poziv\\\/#breadcrumb\"},\"inLanguage\":\"hr\",\"potentialAction\":[{\"@type\":\"ReadAction\",\"target\":[\"https:\\\/\\\/smion.com\\\/hr\\\/zakazi-poziv\\\/\"]}]},{\"@type\":\"ImageObject\",\"inLanguage\":\"hr\",\"@id\":\"https:\\\/\\\/smion.com\\\/hr\\\/zakazi-poziv\\\/#primaryimage\",\"url\":\"https:\\\/\\\/smion.com\\\/wp-content\\\/uploads\\\/2024\\\/04\\\/schedule_call.png\",\"contentUrl\":\"https:\\\/\\\/smion.com\\\/wp-content\\\/uploads\\\/2024\\\/04\\\/schedule_call.png\",\"width\":753,\"height\":487,\"caption\":\"schedule-call-smion\"},{\"@type\":\"BreadcrumbList\",\"@id\":\"https:\\\/\\\/smion.com\\\/hr\\\/zakazi-poziv\\\/#breadcrumb\",\"itemListElement\":[{\"@type\":\"ListItem\",\"position\":1,\"name\":\"Home\",\"item\":\"https:\\\/\\\/smion.com\\\/\"},{\"@type\":\"ListItem\",\"position\":2,\"name\":\"Zaka\u017ei poziv\"}]},{\"@type\":\"WebSite\",\"@id\":\"https:\\\/\\\/smion.com\\\/#website\",\"url\":\"https:\\\/\\\/smion.com\\\/\",\"name\":\"Smion\",\"description\":\"Dare to Innovate\",\"publisher\":{\"@id\":\"https:\\\/\\\/smion.com\\\/#organization\"},\"potentialAction\":[{\"@type\":\"SearchAction\",\"target\":{\"@type\":\"EntryPoint\",\"urlTemplate\":\"https:\\\/\\\/smion.com\\\/?s={search_term_string}\"},\"query-input\":{\"@type\":\"PropertyValueSpecification\",\"valueRequired\":true,\"valueName\":\"search_term_string\"}}],\"inLanguage\":\"hr\"},{\"@type\":\"Organization\",\"@id\":\"https:\\\/\\\/smion.com\\\/#organization\",\"name\":\"Smion\",\"url\":\"https:\\\/\\\/smion.com\\\/\",\"logo\":{\"@type\":\"ImageObject\",\"inLanguage\":\"hr\",\"@id\":\"https:\\\/\\\/smion.com\\\/#\\\/schema\\\/logo\\\/image\\\/\",\"url\":\"https:\\\/\\\/smion.com\\\/wp-content\\\/uploads\\\/2023\\\/05\\\/Crno-bijela-pozadina-19-sec.gif\",\"contentUrl\":\"https:\\\/\\\/smion.com\\\/wp-content\\\/uploads\\\/2023\\\/05\\\/Crno-bijela-pozadina-19-sec.gif\",\"width\":199,\"height\":100,\"caption\":\"Smion\"},\"image\":{\"@id\":\"https:\\\/\\\/smion.com\\\/#\\\/schema\\\/logo\\\/image\\\/\"},\"sameAs\":[\"https:\\\/\\\/www.facebook.com\\\/smion.daretoinnovate\",\"https:\\\/\\\/www.linkedin.com\\\/company\\\/smioninnovation\\\/\"]}]}<\/script>\n<!-- \/ Yoast SEO plugin. -->","yoast_head_json":{"title":"Zaka\u017ei poziv - Smion","description":"Rezervirajte besplatan konzultacijski razgovor s na\u0161im timom stru\u010dnjaka. Krenimo inovirati, tra\u017eiti rje\u0161enja i uspjeh zajedno!","robots":{"index":"index","follow":"follow","max-snippet":"max-snippet:-1","max-image-preview":"max-image-preview:large","max-video-preview":"max-video-preview:-1"},"canonical":"https:\/\/smion.com\/hr\/zakazi-poziv\/","og_locale":"hr_HR","og_type":"article","og_title":"Zaka\u017ei poziv - Smion","og_description":"Rezervirajte besplatan konzultacijski razgovor s na\u0161im timom stru\u010dnjaka. Krenimo inovirati, tra\u017eiti rje\u0161enja i uspjeh zajedno!","og_url":"https:\/\/smion.com\/hr\/zakazi-poziv\/","og_site_name":"Smion","article_publisher":"https:\/\/www.facebook.com\/smion.daretoinnovate","article_modified_time":"2024-05-22T09:12:35+00:00","og_image":[{"width":753,"height":487,"url":"https:\/\/smion.com\/wp-content\/uploads\/2024\/04\/schedule_call.png","type":"image\/png"}],"twitter_card":"summary_large_image","twitter_misc":{"Procijenjeno vrijeme \u010ditanja":"1 minuta"},"schema":{"@context":"https:\/\/schema.org","@graph":[{"@type":"WebPage","@id":"https:\/\/smion.com\/hr\/zakazi-poziv\/","url":"https:\/\/smion.com\/hr\/zakazi-poziv\/","name":"Zaka\u017ei poziv - Smion","isPartOf":{"@id":"https:\/\/smion.com\/#website"},"primaryImageOfPage":{"@id":"https:\/\/smion.com\/hr\/zakazi-poziv\/#primaryimage"},"image":{"@id":"https:\/\/smion.com\/hr\/zakazi-poziv\/#primaryimage"},"thumbnailUrl":"https:\/\/smion.com\/wp-content\/uploads\/2024\/04\/schedule_call.png","datePublished":"2024-01-24T16:32:51+00:00","dateModified":"2024-05-22T09:12:35+00:00","description":"Rezervirajte besplatan konzultacijski razgovor s na\u0161im timom stru\u010dnjaka. Krenimo inovirati, tra\u017eiti rje\u0161enja i uspjeh zajedno!","breadcrumb":{"@id":"https:\/\/smion.com\/hr\/zakazi-poziv\/#breadcrumb"},"inLanguage":"hr","potentialAction":[{"@type":"ReadAction","target":["https:\/\/smion.com\/hr\/zakazi-poziv\/"]}]},{"@type":"ImageObject","inLanguage":"hr","@id":"https:\/\/smion.com\/hr\/zakazi-poziv\/#primaryimage","url":"https:\/\/smion.com\/wp-content\/uploads\/2024\/04\/schedule_call.png","contentUrl":"https:\/\/smion.com\/wp-content\/uploads\/2024\/04\/schedule_call.png","width":753,"height":487,"caption":"schedule-call-smion"},{"@type":"BreadcrumbList","@id":"https:\/\/smion.com\/hr\/zakazi-poziv\/#breadcrumb","itemListElement":[{"@type":"ListItem","position":1,"name":"Home","item":"https:\/\/smion.com\/"},{"@type":"ListItem","position":2,"name":"Zaka\u017ei poziv"}]},{"@type":"WebSite","@id":"https:\/\/smion.com\/#website","url":"https:\/\/smion.com\/","name":"Smion","description":"Dare to Innovate","publisher":{"@id":"https:\/\/smion.com\/#organization"},"potentialAction":[{"@type":"SearchAction","target":{"@type":"EntryPoint","urlTemplate":"https:\/\/smion.com\/?s={search_term_string}"},"query-input":{"@type":"PropertyValueSpecification","valueRequired":true,"valueName":"search_term_string"}}],"inLanguage":"hr"},{"@type":"Organization","@id":"https:\/\/smion.com\/#organization","name":"Smion","url":"https:\/\/smion.com\/","logo":{"@type":"ImageObject","inLanguage":"hr","@id":"https:\/\/smion.com\/#\/schema\/logo\/image\/","url":"https:\/\/smion.com\/wp-content\/uploads\/2023\/05\/Crno-bijela-pozadina-19-sec.gif","contentUrl":"https:\/\/smion.com\/wp-content\/uploads\/2023\/05\/Crno-bijela-pozadina-19-sec.gif","width":199,"height":100,"caption":"Smion"},"image":{"@id":"https:\/\/smion.com\/#\/schema\/logo\/image\/"},"sameAs":["https:\/\/www.facebook.com\/smion.daretoinnovate","https:\/\/www.linkedin.com\/company\/smioninnovation\/"]}]}},"_links":{"self":[{"href":"https:\/\/smion.com\/hr\/wp-json\/wp\/v2\/pages\/9061","targetHints":{"allow":["GET"]}}],"collection":[{"href":"https:\/\/smion.com\/hr\/wp-json\/wp\/v2\/pages"}],"about":[{"href":"https:\/\/smion.com\/hr\/wp-json\/wp\/v2\/types\/page"}],"author":[{"embeddable":true,"href":"https:\/\/smion.com\/hr\/wp-json\/wp\/v2\/users\/2"}],"replies":[{"embeddable":true,"href":"https:\/\/smion.com\/hr\/wp-json\/wp\/v2\/comments?post=9061"}],"version-history":[{"count":16,"href":"https:\/\/smion.com\/hr\/wp-json\/wp\/v2\/pages\/9061\/revisions"}],"predecessor-version":[{"id":9099,"href":"https:\/\/smion.com\/hr\/wp-json\/wp\/v2\/pages\/9061\/revisions\/9099"}],"wp:featuredmedia":[{"embeddable":true,"href":"https:\/\/smion.com\/hr\/wp-json\/wp\/v2\/media\/10672"}],"wp:attachment":[{"href":"https:\/\/smion.com\/hr\/wp-json\/wp\/v2\/media?parent=9061"}],"wp:term":[{"taxonomy":"category","embeddable":true,"href":"https:\/\/smion.com\/hr\/wp-json\/wp\/v2\/categories?post=9061"},{"taxonomy":"post_tag","embeddable":true,"href":"https:\/\/smion.com\/hr\/wp-json\/wp\/v2\/tags?post=9061"}],"curies":[{"name":"wp","href":"https:\/\/api.w.org\/{rel}","templated":true}]}}