{"id":82,"date":"2023-05-18T14:29:26","date_gmt":"2023-05-18T14:29:26","guid":{"rendered":"https:\/\/smion.com\/contact\/"},"modified":"2024-10-30T10:44:38","modified_gmt":"2024-10-30T10:44:38","slug":"kontakt","status":"publish","type":"page","link":"https:\/\/smion.com\/hr\/kontakt\/","title":{"rendered":"Kontakt"},"content":{"rendered":"\t\t<div data-elementor-type=\"wp-page\" data-elementor-id=\"82\" class=\"elementor elementor-82\" data-elementor-post-type=\"page\">\n\t\t\t\t\t\t<section class=\"elementor-section elementor-top-section elementor-element elementor-element-d068304 elementor-section-boxed elementor-section-height-default elementor-section-height-default\" data-id=\"d068304\" data-element_type=\"section\" data-e-type=\"section\">\n\t\t\t\t\t\t<div class=\"elementor-container elementor-column-gap-wider\">\n\t\t\t\t\t<div class=\"elementor-column elementor-col-50 elementor-top-column elementor-element elementor-element-e89cea8\" data-id=\"e89cea8\" data-element_type=\"column\" data-e-type=\"column\" data-settings=\"{&quot;background_background&quot;:&quot;classic&quot;}\">\n\t\t\t<div class=\"elementor-widget-wrap elementor-element-populated\">\n\t\t\t\t\t\t<div class=\"elementor-element elementor-element-5b70384 elementor-widget elementor-widget-image\" data-id=\"5b70384\" data-element_type=\"widget\" data-e-type=\"widget\" data-widget_type=\"image.default\">\n\t\t\t\t<div class=\"elementor-widget-container\">\n\t\t\t\t\t\t\t\t\t\t\t\t\t\t\t<img fetchpriority=\"high\" decoding=\"async\" width=\"800\" height=\"534\" src=\"https:\/\/smion.com\/wp-content\/uploads\/2023\/08\/IMG_2129-1024x683.jpg\" class=\"attachment-large size-large wp-image-746\" alt=\"Smion Contact\" srcset=\"https:\/\/smion.com\/wp-content\/uploads\/2023\/08\/IMG_2129-1024x683.jpg 1024w, https:\/\/smion.com\/wp-content\/uploads\/2023\/08\/IMG_2129-300x200.jpg 300w, https:\/\/smion.com\/wp-content\/uploads\/2023\/08\/IMG_2129-768x512.jpg 768w, https:\/\/smion.com\/wp-content\/uploads\/2023\/08\/IMG_2129-1536x1024.jpg 1536w, https:\/\/smion.com\/wp-content\/uploads\/2023\/08\/IMG_2129-2048x1365.jpg 2048w\" sizes=\"(max-width: 800px) 100vw, 800px\" \/>\t\t\t\t\t\t\t\t\t\t\t\t\t\t\t<\/div>\n\t\t\t\t<\/div>\n\t\t\t\t<div class=\"elementor-element elementor-element-598b6005 elementor-widget-divider--view-line elementor-widget elementor-widget-divider\" data-id=\"598b6005\" data-element_type=\"widget\" data-e-type=\"widget\" data-widget_type=\"divider.default\">\n\t\t\t\t<div class=\"elementor-widget-container\">\n\t\t\t\t\t\t\t<div class=\"elementor-divider\">\n\t\t\t<span class=\"elementor-divider-separator\">\n\t\t\t\t\t\t<\/span>\n\t\t<\/div>\n\t\t\t\t\t\t<\/div>\n\t\t\t\t<\/div>\n\t\t\t\t<div class=\"elementor-element elementor-element-d184274 elementor-widget elementor-widget-heading\" data-id=\"d184274\" data-element_type=\"widget\" data-e-type=\"widget\" data-widget_type=\"heading.default\">\n\t\t\t\t<div class=\"elementor-widget-container\">\n\t\t\t\t\t<h6 class=\"elementor-heading-title elementor-size-default\">Kontaktirajte nas<\/h6>\t\t\t\t<\/div>\n\t\t\t\t<\/div>\n\t\t\t\t<div class=\"elementor-element elementor-element-da7197f elementor-icon-list--layout-traditional elementor-list-item-link-full_width elementor-widget elementor-widget-icon-list\" data-id=\"da7197f\" data-element_type=\"widget\" data-e-type=\"widget\" data-widget_type=\"icon-list.default\">\n\t\t\t\t<div class=\"elementor-widget-container\">\n\t\t\t\t\t\t\t<ul class=\"elementor-icon-list-items\">\n\t\t\t\t\t\t\t<li class=\"elementor-icon-list-item\">\n\t\t\t\t\t\t\t\t\t\t\t<span class=\"elementor-icon-list-icon\">\n\t\t\t\t\t\t\t<i aria-hidden=\"true\" class=\"fas fa-envelope\"><\/i>\t\t\t\t\t\t<\/span>\n\t\t\t\t\t\t\t\t\t\t<span class=\"elementor-icon-list-text\">Na\u0161 email je \"info\" at smion.com<\/span>\n\t\t\t\t\t\t\t\t\t<\/li>\n\t\t\t\t\t\t\t\t<li class=\"elementor-icon-list-item\">\n\t\t\t\t\t\t\t\t\t\t\t<a href=\"https:\/\/maps.app.goo.gl\/NagdoTFjViMM2jcy5\">\n\n\t\t\t\t\t\t\t\t\t\t\t\t<span class=\"elementor-icon-list-icon\">\n\t\t\t\t\t\t\t<i aria-hidden=\"true\" class=\"far fa-building\"><\/i>\t\t\t\t\t\t<\/span>\n\t\t\t\t\t\t\t\t\t\t<span class=\"elementor-icon-list-text\">Ulica grada Vukovara 284b, Zagreb<\/span>\n\t\t\t\t\t\t\t\t\t\t\t<\/a>\n\t\t\t\t\t\t\t\t\t<\/li>\n\t\t\t\t\t\t\t\t<li class=\"elementor-icon-list-item\">\n\t\t\t\t\t\t\t\t\t\t\t<a href=\"https:\/\/smion.com\/hr\">\n\n\t\t\t\t\t\t\t\t\t\t\t\t<span class=\"elementor-icon-list-icon\">\n\t\t\t\t\t\t\t<i aria-hidden=\"true\" class=\"fas fa-globe\"><\/i>\t\t\t\t\t\t<\/span>\n\t\t\t\t\t\t\t\t\t\t<span class=\"elementor-icon-list-text\">www.smion.com<\/span>\n\t\t\t\t\t\t\t\t\t\t\t<\/a>\n\t\t\t\t\t\t\t\t\t<\/li>\n\t\t\t\t\t\t<\/ul>\n\t\t\t\t\t\t<\/div>\n\t\t\t\t<\/div>\n\t\t\t\t<div class=\"elementor-element elementor-element-6d14b96 e-grid-align-left elementor-shape-rounded elementor-grid-0 elementor-widget elementor-widget-social-icons\" data-id=\"6d14b96\" data-element_type=\"widget\" data-e-type=\"widget\" data-widget_type=\"social-icons.default\">\n\t\t\t\t<div class=\"elementor-widget-container\">\n\t\t\t\t\t\t\t<div class=\"elementor-social-icons-wrapper elementor-grid\" role=\"list\">\n\t\t\t\t\t\t\t<span class=\"elementor-grid-item\" role=\"listitem\">\n\t\t\t\t\t<a class=\"elementor-icon elementor-social-icon elementor-social-icon-facebook elementor-repeater-item-3f1b7ac\" href=\"https:\/\/www.facebook.com\/smion.daretoinnovate\" target=\"_blank\">\n\t\t\t\t\t\t<span class=\"elementor-screen-only\">Facebook<\/span>\n\t\t\t\t\t\t<i aria-hidden=\"true\" class=\"fab fa-facebook\"><\/i>\t\t\t\t\t<\/a>\n\t\t\t\t<\/span>\n\t\t\t\t\t\t\t<span class=\"elementor-grid-item\" role=\"listitem\">\n\t\t\t\t\t<a class=\"elementor-icon elementor-social-icon elementor-social-icon-instagram elementor-repeater-item-5c0ce3c\" href=\"https:\/\/www.instagram.com\/smioninnovation\" target=\"_blank\">\n\t\t\t\t\t\t<span class=\"elementor-screen-only\">Instagram<\/span>\n\t\t\t\t\t\t<i aria-hidden=\"true\" class=\"fab fa-instagram\"><\/i>\t\t\t\t\t<\/a>\n\t\t\t\t<\/span>\n\t\t\t\t\t\t\t<span class=\"elementor-grid-item\" role=\"listitem\">\n\t\t\t\t\t<a class=\"elementor-icon elementor-social-icon elementor-social-icon-linkedin elementor-repeater-item-828f132\" href=\"https:\/\/www.linkedin.com\/company\/smioninnovation\/\" target=\"_blank\">\n\t\t\t\t\t\t<span class=\"elementor-screen-only\">Linkedin<\/span>\n\t\t\t\t\t\t<i aria-hidden=\"true\" class=\"fab fa-linkedin\"><\/i>\t\t\t\t\t<\/a>\n\t\t\t\t<\/span>\n\t\t\t\t\t\t\t<span class=\"elementor-grid-item\" role=\"listitem\">\n\t\t\t\t\t<a class=\"elementor-icon elementor-social-icon elementor-social-icon-youtube elementor-repeater-item-f67d44a\" href=\"https:\/\/www.youtube.com\/@smioninnovations\" target=\"_blank\">\n\t\t\t\t\t\t<span class=\"elementor-screen-only\">Youtube<\/span>\n\t\t\t\t\t\t<i aria-hidden=\"true\" class=\"fab fa-youtube\"><\/i>\t\t\t\t\t<\/a>\n\t\t\t\t<\/span>\n\t\t\t\t\t<\/div>\n\t\t\t\t\t\t<\/div>\n\t\t\t\t<\/div>\n\t\t\t\t\t<\/div>\n\t\t<\/div>\n\t\t\t\t<div class=\"elementor-column elementor-col-50 elementor-top-column elementor-element elementor-element-d5b59f4\" data-id=\"d5b59f4\" data-element_type=\"column\" data-e-type=\"column\" data-settings=\"{&quot;background_background&quot;:&quot;classic&quot;}\">\n\t\t\t<div class=\"elementor-widget-wrap elementor-element-populated\">\n\t\t\t\t\t\t<div class=\"elementor-element elementor-element-47cff87 elementor-widget elementor-widget-heading\" data-id=\"47cff87\" data-element_type=\"widget\" data-e-type=\"widget\" data-widget_type=\"heading.default\">\n\t\t\t\t<div class=\"elementor-widget-container\">\n\t\t\t\t\t<h1 class=\"elementor-heading-title elementor-size-default\">Neka vam Smion pomogne ostvariti uspjeh.<\/h1>\t\t\t\t<\/div>\n\t\t\t\t<\/div>\n\t\t\t\t<div class=\"elementor-element elementor-element-42a774fa elementor-widget elementor-widget-text-editor\" data-id=\"42a774fa\" data-element_type=\"widget\" data-e-type=\"widget\" data-widget_type=\"text-editor.default\">\n\t\t\t\t<div class=\"elementor-widget-container\">\n\t\t\t\t\t\t\t\t\t<p>Popunite donji obrazac i kontaktirat \u0107emo vas \u0161to je prije mogu\u0107e.<\/p>\t\t\t\t\t\t\t\t<\/div>\n\t\t\t\t<\/div>\n\t\t\t\t<div class=\"elementor-element elementor-element-9656591 elementor-widget elementor-widget-hubspot-form\" data-id=\"9656591\" data-element_type=\"widget\" data-e-type=\"widget\" data-widget_type=\"hubspot-form.default\">\n\t\t\t\t<div class=\"elementor-widget-container\">\n\t\t\t\t\t\n\t\t\t\t\t\t<script>\n\t\t\t\t\t\t\twindow.hsFormsOnReady = window.hsFormsOnReady || [];\n\t\t\t\t\t\t\twindow.hsFormsOnReady.push(()=>{\n\t\t\t\t\t\t\t\thbspt.forms.create({\n\t\t\t\t\t\t\t\t\tportalId: 8923442,\n\t\t\t\t\t\t\t\t\tformId: \"e8fe92f4-c7fe-4851-aa09-90fc1e7bac2e\",\n\t\t\t\t\t\t\t\t\ttarget: \"#hbspt-form-1776311588000-3889302729\",\n\t\t\t\t\t\t\t\t\tregion: \"na1\",\n\t\t\t\t\t\t\t\t\t\n\t\t\t\t\t\t\t})});\n\t\t\t\t\t\t<\/script>\n\t\t\t\t\t\t<div class=\"hbspt-form\" id=\"hbspt-form-1776311588000-3889302729\"><\/div>\t\t\t\t<\/div>\n\t\t\t\t<\/div>\n\t\t\t\t\t<\/div>\n\t\t<\/div>\n\t\t\t\t\t<\/div>\n\t\t<\/section>\n\t\t\t\t<section class=\"elementor-section elementor-top-section elementor-element elementor-element-8e2b27f elementor-section-boxed elementor-section-height-default elementor-section-height-default\" data-id=\"8e2b27f\" data-element_type=\"section\" data-e-type=\"section\">\n\t\t\t\t\t\t<div class=\"elementor-container elementor-column-gap-wider\">\n\t\t\t\t\t<div class=\"elementor-column elementor-col-100 elementor-top-column elementor-element elementor-element-30620c7\" data-id=\"30620c7\" data-element_type=\"column\" data-e-type=\"column\" data-settings=\"{&quot;background_background&quot;:&quot;classic&quot;}\">\n\t\t\t<div class=\"elementor-widget-wrap elementor-element-populated\">\n\t\t\t\t\t\t<div class=\"elementor-element elementor-element-c63b335 elementor-widget elementor-widget-heading\" data-id=\"c63b335\" data-element_type=\"widget\" data-e-type=\"widget\" data-widget_type=\"heading.default\">\n\t\t\t\t<div class=\"elementor-widget-container\">\n\t\t\t\t\t<h1 class=\"elementor-heading-title elementor-size-default\">Katalizator za va\u0161u sljede\u0107u veliku ideju: Smion<\/h1>\t\t\t\t<\/div>\n\t\t\t\t<\/div>\n\t\t\t\t<div class=\"elementor-element elementor-element-a5ca315 elementor-widget-divider--view-line elementor-widget elementor-widget-divider\" data-id=\"a5ca315\" data-element_type=\"widget\" data-e-type=\"widget\" data-widget_type=\"divider.default\">\n\t\t\t\t<div class=\"elementor-widget-container\">\n\t\t\t\t\t\t\t<div class=\"elementor-divider\">\n\t\t\t<span class=\"elementor-divider-separator\">\n\t\t\t\t\t\t<\/span>\n\t\t<\/div>\n\t\t\t\t\t\t<\/div>\n\t\t\t\t<\/div>\n\t\t\t\t<div class=\"elementor-element elementor-element-69142d3 elementor-widget elementor-widget-text-editor\" data-id=\"69142d3\" data-element_type=\"widget\" data-e-type=\"widget\" data-widget_type=\"text-editor.default\">\n\t\t\t\t<div class=\"elementor-widget-container\">\n\t\t\t\t\t\t\t\t\t<p><span style=\"font-weight: 400;\">Osloba\u0111anje snage odva\u017enih ideja i smjelih inovacija.<\/span><\/p>\t\t\t\t\t\t\t\t<\/div>\n\t\t\t\t<\/div>\n\t\t\t\t\t<\/div>\n\t\t<\/div>\n\t\t\t\t\t<\/div>\n\t\t<\/section>\n\t\t\t\t<\/div>\n\t\t","protected":false},"excerpt":{"rendered":"<p>Kontaktirajte nas Na\u0161 email je &#8220;info&#8221; at smion.com Ulica grada Vukovara 284b, Zagreb www.smion.com Facebook Instagram Linkedin Youtube Neka vam Smion pomogne ostvariti uspjeh. Popunite donji obrazac i kontaktirat \u0107emo vas \u0161to je prije mogu\u0107e. Katalizator za va\u0161u sljede\u0107u veliku ideju: Smion Osloba\u0111anje snage odva\u017enih ideja i smjelih inovacija.<\/p>\n","protected":false},"author":3,"featured_media":86,"parent":0,"menu_order":0,"comment_status":"closed","ping_status":"closed","template":"elementor_header_footer","meta":{"_acf_changed":false,"content-type":"","_uf_show_specific_survey":0,"_uf_disable_surveys":false,"_themeisle_gutenberg_block_has_review":false,"footnotes":""},"categories":[],"tags":[],"class_list":["post-82","page","type-page","status-publish","has-post-thumbnail","hentry"],"acf":[],"yoast_head":"<!-- This site is optimized with the Yoast SEO plugin v27.4 - https:\/\/yoast.com\/product\/yoast-seo-wordpress\/ -->\n<title>Kontakt - Smion<\/title>\n<meta name=\"description\" content=\"Neka vam Smion pomogne ostvariti uspjeh.Popunite donji obrazac i kontaktirat \u0107emo vas \u0161to je prije mogu\u0107e. Smion - Dare to Innovate!\" \/>\n<meta name=\"robots\" content=\"index, follow, max-snippet:-1, max-image-preview:large, max-video-preview:-1\" \/>\n<link rel=\"canonical\" href=\"https:\/\/smion.com\/contact\/\" \/>\n<meta property=\"og:locale\" content=\"hr_HR\" \/>\n<meta property=\"og:type\" content=\"article\" \/>\n<meta property=\"og:title\" content=\"Kontakt - Smion\" \/>\n<meta property=\"og:description\" content=\"Neka vam Smion pomogne ostvariti uspjeh.Popunite donji obrazac i kontaktirat \u0107emo vas \u0161to je prije mogu\u0107e. Smion - Dare to Innovate!\" \/>\n<meta property=\"og:url\" content=\"https:\/\/smion.com\/contact\/\" \/>\n<meta property=\"og:site_name\" content=\"Smion\" \/>\n<meta property=\"article:publisher\" content=\"https:\/\/www.facebook.com\/smion.daretoinnovate\" \/>\n<meta property=\"article:modified_time\" content=\"2024-10-30T10:44:38+00:00\" \/>\n<meta property=\"og:image\" content=\"https:\/\/smion.com\/wp-content\/uploads\/2023\/05\/Contact-US-400_380.jpg\" \/>\n\t<meta property=\"og:image:width\" content=\"400\" \/>\n\t<meta property=\"og:image:height\" content=\"380\" \/>\n\t<meta property=\"og:image:type\" content=\"image\/jpeg\" \/>\n<meta name=\"twitter:card\" content=\"summary_large_image\" \/>\n<meta name=\"twitter:label1\" content=\"Procijenjeno vrijeme \u010ditanja\" \/>\n\t<meta name=\"twitter:data1\" content=\"1 minuta\" \/>\n<script type=\"application\/ld+json\" class=\"yoast-schema-graph\">{\"@context\":\"https:\\\/\\\/schema.org\",\"@graph\":[{\"@type\":\"WebPage\",\"@id\":\"https:\\\/\\\/smion.com\\\/contact\\\/\",\"url\":\"https:\\\/\\\/smion.com\\\/contact\\\/\",\"name\":\"Kontakt - Smion\",\"isPartOf\":{\"@id\":\"https:\\\/\\\/smion.com\\\/#website\"},\"primaryImageOfPage\":{\"@id\":\"https:\\\/\\\/smion.com\\\/contact\\\/#primaryimage\"},\"image\":{\"@id\":\"https:\\\/\\\/smion.com\\\/contact\\\/#primaryimage\"},\"thumbnailUrl\":\"https:\\\/\\\/smion.com\\\/wp-content\\\/uploads\\\/2023\\\/05\\\/Contact-US-400_380.jpg\",\"datePublished\":\"2023-05-18T14:29:26+00:00\",\"dateModified\":\"2024-10-30T10:44:38+00:00\",\"description\":\"Neka vam Smion pomogne ostvariti uspjeh.Popunite donji obrazac i kontaktirat \u0107emo vas \u0161to je prije mogu\u0107e. Smion - Dare to Innovate!\",\"breadcrumb\":{\"@id\":\"https:\\\/\\\/smion.com\\\/contact\\\/#breadcrumb\"},\"inLanguage\":\"hr\",\"potentialAction\":[{\"@type\":\"ReadAction\",\"target\":[\"https:\\\/\\\/smion.com\\\/contact\\\/\"]}]},{\"@type\":\"ImageObject\",\"inLanguage\":\"hr\",\"@id\":\"https:\\\/\\\/smion.com\\\/contact\\\/#primaryimage\",\"url\":\"https:\\\/\\\/smion.com\\\/wp-content\\\/uploads\\\/2023\\\/05\\\/Contact-US-400_380.jpg\",\"contentUrl\":\"https:\\\/\\\/smion.com\\\/wp-content\\\/uploads\\\/2023\\\/05\\\/Contact-US-400_380.jpg\",\"width\":400,\"height\":380},{\"@type\":\"BreadcrumbList\",\"@id\":\"https:\\\/\\\/smion.com\\\/contact\\\/#breadcrumb\",\"itemListElement\":[{\"@type\":\"ListItem\",\"position\":1,\"name\":\"Home\",\"item\":\"https:\\\/\\\/smion.com\\\/\"},{\"@type\":\"ListItem\",\"position\":2,\"name\":\"Kontakt\"}]},{\"@type\":\"WebSite\",\"@id\":\"https:\\\/\\\/smion.com\\\/#website\",\"url\":\"https:\\\/\\\/smion.com\\\/\",\"name\":\"Smion\",\"description\":\"Dare to Innovate\",\"publisher\":{\"@id\":\"https:\\\/\\\/smion.com\\\/#organization\"},\"potentialAction\":[{\"@type\":\"SearchAction\",\"target\":{\"@type\":\"EntryPoint\",\"urlTemplate\":\"https:\\\/\\\/smion.com\\\/?s={search_term_string}\"},\"query-input\":{\"@type\":\"PropertyValueSpecification\",\"valueRequired\":true,\"valueName\":\"search_term_string\"}}],\"inLanguage\":\"hr\"},{\"@type\":\"Organization\",\"@id\":\"https:\\\/\\\/smion.com\\\/#organization\",\"name\":\"Smion\",\"url\":\"https:\\\/\\\/smion.com\\\/\",\"logo\":{\"@type\":\"ImageObject\",\"inLanguage\":\"hr\",\"@id\":\"https:\\\/\\\/smion.com\\\/#\\\/schema\\\/logo\\\/image\\\/\",\"url\":\"https:\\\/\\\/smion.com\\\/wp-content\\\/uploads\\\/2023\\\/05\\\/Crno-bijela-pozadina-19-sec.gif\",\"contentUrl\":\"https:\\\/\\\/smion.com\\\/wp-content\\\/uploads\\\/2023\\\/05\\\/Crno-bijela-pozadina-19-sec.gif\",\"width\":199,\"height\":100,\"caption\":\"Smion\"},\"image\":{\"@id\":\"https:\\\/\\\/smion.com\\\/#\\\/schema\\\/logo\\\/image\\\/\"},\"sameAs\":[\"https:\\\/\\\/www.facebook.com\\\/smion.daretoinnovate\",\"https:\\\/\\\/www.linkedin.com\\\/company\\\/smioninnovation\\\/\"]}]}<\/script>\n<!-- \/ Yoast SEO plugin. -->","yoast_head_json":{"title":"Kontakt - Smion","description":"Neka vam Smion pomogne ostvariti uspjeh.Popunite donji obrazac i kontaktirat \u0107emo vas \u0161to je prije mogu\u0107e. Smion - Dare to Innovate!","robots":{"index":"index","follow":"follow","max-snippet":"max-snippet:-1","max-image-preview":"max-image-preview:large","max-video-preview":"max-video-preview:-1"},"canonical":"https:\/\/smion.com\/contact\/","og_locale":"hr_HR","og_type":"article","og_title":"Kontakt - Smion","og_description":"Neka vam Smion pomogne ostvariti uspjeh.Popunite donji obrazac i kontaktirat \u0107emo vas \u0161to je prije mogu\u0107e. Smion - Dare to Innovate!","og_url":"https:\/\/smion.com\/contact\/","og_site_name":"Smion","article_publisher":"https:\/\/www.facebook.com\/smion.daretoinnovate","article_modified_time":"2024-10-30T10:44:38+00:00","og_image":[{"width":400,"height":380,"url":"https:\/\/smion.com\/wp-content\/uploads\/2023\/05\/Contact-US-400_380.jpg","type":"image\/jpeg"}],"twitter_card":"summary_large_image","twitter_misc":{"Procijenjeno vrijeme \u010ditanja":"1 minuta"},"schema":{"@context":"https:\/\/schema.org","@graph":[{"@type":"WebPage","@id":"https:\/\/smion.com\/contact\/","url":"https:\/\/smion.com\/contact\/","name":"Kontakt - Smion","isPartOf":{"@id":"https:\/\/smion.com\/#website"},"primaryImageOfPage":{"@id":"https:\/\/smion.com\/contact\/#primaryimage"},"image":{"@id":"https:\/\/smion.com\/contact\/#primaryimage"},"thumbnailUrl":"https:\/\/smion.com\/wp-content\/uploads\/2023\/05\/Contact-US-400_380.jpg","datePublished":"2023-05-18T14:29:26+00:00","dateModified":"2024-10-30T10:44:38+00:00","description":"Neka vam Smion pomogne ostvariti uspjeh.Popunite donji obrazac i kontaktirat \u0107emo vas \u0161to je prije mogu\u0107e. Smion - Dare to Innovate!","breadcrumb":{"@id":"https:\/\/smion.com\/contact\/#breadcrumb"},"inLanguage":"hr","potentialAction":[{"@type":"ReadAction","target":["https:\/\/smion.com\/contact\/"]}]},{"@type":"ImageObject","inLanguage":"hr","@id":"https:\/\/smion.com\/contact\/#primaryimage","url":"https:\/\/smion.com\/wp-content\/uploads\/2023\/05\/Contact-US-400_380.jpg","contentUrl":"https:\/\/smion.com\/wp-content\/uploads\/2023\/05\/Contact-US-400_380.jpg","width":400,"height":380},{"@type":"BreadcrumbList","@id":"https:\/\/smion.com\/contact\/#breadcrumb","itemListElement":[{"@type":"ListItem","position":1,"name":"Home","item":"https:\/\/smion.com\/"},{"@type":"ListItem","position":2,"name":"Kontakt"}]},{"@type":"WebSite","@id":"https:\/\/smion.com\/#website","url":"https:\/\/smion.com\/","name":"Smion","description":"Dare to Innovate","publisher":{"@id":"https:\/\/smion.com\/#organization"},"potentialAction":[{"@type":"SearchAction","target":{"@type":"EntryPoint","urlTemplate":"https:\/\/smion.com\/?s={search_term_string}"},"query-input":{"@type":"PropertyValueSpecification","valueRequired":true,"valueName":"search_term_string"}}],"inLanguage":"hr"},{"@type":"Organization","@id":"https:\/\/smion.com\/#organization","name":"Smion","url":"https:\/\/smion.com\/","logo":{"@type":"ImageObject","inLanguage":"hr","@id":"https:\/\/smion.com\/#\/schema\/logo\/image\/","url":"https:\/\/smion.com\/wp-content\/uploads\/2023\/05\/Crno-bijela-pozadina-19-sec.gif","contentUrl":"https:\/\/smion.com\/wp-content\/uploads\/2023\/05\/Crno-bijela-pozadina-19-sec.gif","width":199,"height":100,"caption":"Smion"},"image":{"@id":"https:\/\/smion.com\/#\/schema\/logo\/image\/"},"sameAs":["https:\/\/www.facebook.com\/smion.daretoinnovate","https:\/\/www.linkedin.com\/company\/smioninnovation\/"]}]}},"_links":{"self":[{"href":"https:\/\/smion.com\/hr\/wp-json\/wp\/v2\/pages\/82","targetHints":{"allow":["GET"]}}],"collection":[{"href":"https:\/\/smion.com\/hr\/wp-json\/wp\/v2\/pages"}],"about":[{"href":"https:\/\/smion.com\/hr\/wp-json\/wp\/v2\/types\/page"}],"author":[{"embeddable":true,"href":"https:\/\/smion.com\/hr\/wp-json\/wp\/v2\/users\/3"}],"replies":[{"embeddable":true,"href":"https:\/\/smion.com\/hr\/wp-json\/wp\/v2\/comments?post=82"}],"version-history":[{"count":95,"href":"https:\/\/smion.com\/hr\/wp-json\/wp\/v2\/pages\/82\/revisions"}],"predecessor-version":[{"id":15837,"href":"https:\/\/smion.com\/hr\/wp-json\/wp\/v2\/pages\/82\/revisions\/15837"}],"wp:featuredmedia":[{"embeddable":true,"href":"https:\/\/smion.com\/hr\/wp-json\/wp\/v2\/media\/86"}],"wp:attachment":[{"href":"https:\/\/smion.com\/hr\/wp-json\/wp\/v2\/media?parent=82"}],"wp:term":[{"taxonomy":"category","embeddable":true,"href":"https:\/\/smion.com\/hr\/wp-json\/wp\/v2\/categories?post=82"},{"taxonomy":"post_tag","embeddable":true,"href":"https:\/\/smion.com\/hr\/wp-json\/wp\/v2\/tags?post=82"}],"curies":[{"name":"wp","href":"https:\/\/api.w.org\/{rel}","templated":true}]}}