{"id":19751,"date":"2026-04-08T09:37:57","date_gmt":"2026-04-08T09:37:57","guid":{"rendered":"https:\/\/smion.com\/?page_id=19751"},"modified":"2026-04-08T09:44:12","modified_gmt":"2026-04-08T09:44:12","slug":"eit-jumpstarter-2026-pretvorite-svoju-ideju-u-startup","status":"publish","type":"page","link":"https:\/\/smion.com\/hr\/eit-jumpstarter-2026-pretvorite-svoju-ideju-u-startup\/","title":{"rendered":"EIT Jumpstarter 2026: pretvorite svoju ideju u startup"},"content":{"rendered":"\t\t<div data-elementor-type=\"wp-page\" data-elementor-id=\"19751\" class=\"elementor elementor-19751\" data-elementor-post-type=\"page\">\n\t\t\t\t\t\t<section class=\"elementor-section elementor-top-section elementor-element elementor-element-0e104d3 elementor-section-boxed elementor-section-height-default elementor-section-height-default\" data-id=\"0e104d3\" data-element_type=\"section\" data-e-type=\"section\">\n\t\t\t\t\t\t<div class=\"elementor-container elementor-column-gap-default\">\n\t\t\t\t\t<div class=\"elementor-column elementor-col-100 elementor-top-column elementor-element elementor-element-1c9c839\" data-id=\"1c9c839\" data-element_type=\"column\" data-e-type=\"column\">\n\t\t\t<div class=\"elementor-widget-wrap elementor-element-populated\">\n\t\t\t\t\t\t<div class=\"elementor-element elementor-element-b0fe5b9 elementor-widget elementor-widget-theme-post-featured-image elementor-widget-image\" data-id=\"b0fe5b9\" data-element_type=\"widget\" data-e-type=\"widget\" data-widget_type=\"theme-post-featured-image.default\">\n\t\t\t\t<div class=\"elementor-widget-container\">\n\t\t\t\t\t\t\t\t\t\t\t\t\t\t\t<img fetchpriority=\"high\" decoding=\"async\" width=\"800\" height=\"379\" src=\"https:\/\/smion.com\/wp-content\/uploads\/2026\/04\/EIT-Jumpstarter-2026-1-1024x485.png\" class=\"attachment-large size-large wp-image-19741\" alt=\"EIT Jumpstarter 2026 (1)\" srcset=\"https:\/\/smion.com\/wp-content\/uploads\/2026\/04\/EIT-Jumpstarter-2026-1-1024x485.png 1024w, https:\/\/smion.com\/wp-content\/uploads\/2026\/04\/EIT-Jumpstarter-2026-1-300x142.png 300w, https:\/\/smion.com\/wp-content\/uploads\/2026\/04\/EIT-Jumpstarter-2026-1-768x364.png 768w, https:\/\/smion.com\/wp-content\/uploads\/2026\/04\/EIT-Jumpstarter-2026-1-1536x728.png 1536w, https:\/\/smion.com\/wp-content\/uploads\/2026\/04\/EIT-Jumpstarter-2026-1.png 1900w\" sizes=\"(max-width: 800px) 100vw, 800px\" \/>\t\t\t\t\t\t\t\t\t\t\t\t\t\t\t<\/div>\n\t\t\t\t<\/div>\n\t\t\t\t\t<\/div>\n\t\t<\/div>\n\t\t\t\t\t<\/div>\n\t\t<\/section>\n\t\t\t\t<section class=\"elementor-section elementor-top-section elementor-element elementor-element-55b0c7f elementor-section-boxed elementor-section-height-default elementor-section-height-default\" data-id=\"55b0c7f\" data-element_type=\"section\" data-e-type=\"section\">\n\t\t\t\t\t\t<div class=\"elementor-container elementor-column-gap-default\">\n\t\t\t\t\t<div class=\"elementor-column elementor-col-100 elementor-top-column elementor-element elementor-element-750f2e1\" data-id=\"750f2e1\" data-element_type=\"column\" data-e-type=\"column\">\n\t\t\t<div class=\"elementor-widget-wrap elementor-element-populated\">\n\t\t\t\t\t\t<div class=\"elementor-element elementor-element-59b49ad elementor-widget elementor-widget-text-editor\" data-id=\"59b49ad\" data-element_type=\"widget\" data-e-type=\"widget\" data-widget_type=\"text-editor.default\">\n\t\t\t\t<div class=\"elementor-widget-container\">\n\t\t\t\t\t\t\t\t\t<p>Imate inovativnu ideju u podru\u010dju hrane i poljoprivrede? <strong>EIT Jumpstarter 2026<\/strong> mo\u017ee vam pomo\u0107i da je razvijete u odr\u017eiv startup.<\/p><p>Otvorene su prijave za <strong>Food &amp; Agritech<\/strong> kategoriju europskog predakceleracijskog programa <strong>EIT Jumpstarter<\/strong>, koji podupire inovatore u ranoj fazi razvoja kroz edukaciju, mentorstvo i razvoj poslovnog plana.<\/p>\t\t\t\t\t\t\t\t<\/div>\n\t\t\t\t<\/div>\n\t\t\t\t\t<\/div>\n\t\t<\/div>\n\t\t\t\t\t<\/div>\n\t\t<\/section>\n\t\t\t\t<section class=\"elementor-section elementor-top-section elementor-element elementor-element-930073b elementor-section-boxed elementor-section-height-default elementor-section-height-default\" data-id=\"930073b\" data-element_type=\"section\" data-e-type=\"section\">\n\t\t\t\t\t\t<div class=\"elementor-container elementor-column-gap-default\">\n\t\t\t\t\t<div class=\"elementor-column elementor-col-100 elementor-top-column elementor-element elementor-element-18018f8\" data-id=\"18018f8\" data-element_type=\"column\" data-e-type=\"column\">\n\t\t\t<div class=\"elementor-widget-wrap elementor-element-populated\">\n\t\t\t\t\t\t<div class=\"elementor-element elementor-element-417ed6a elementor-widget elementor-widget-text-editor\" data-id=\"417ed6a\" data-element_type=\"widget\" data-e-type=\"widget\" data-widget_type=\"text-editor.default\">\n\t\t\t\t<div class=\"elementor-widget-container\">\n\t\t\t\t\t\t\t\t\t<p>Program je namijenjen istra\u017eiva\u010dima, inovatorima, studentima i timovima koji \u017eele validirati svoju ideju, razviti poduzetni\u010dke vje\u0161tine i pripremiti se za izlazak na tr\u017ei\u0161te.<\/p><p>Sudionici programa dobivaju priliku za stjecanje prakti\u010dnih poduzetni\u010dkih znanja, mentorsku podr\u0161ku stru\u010dnjaka iz industrije te pomo\u0107 u razvoju i validaciji poslovnog modela. Tijekom programa radit \u0107e na ja\u010danju svojih poduzetni\u010dkih i poslovnih vje\u0161tina, u\u010denju kako potvrditi tr\u017ei\u0161nu potrebu za svojim rje\u0161enjem te razvoju proizvoda ili usluge spremne za tr\u017ei\u0161te.<\/p>\t\t\t\t\t\t\t\t<\/div>\n\t\t\t\t<\/div>\n\t\t\t\t\t<\/div>\n\t\t<\/div>\n\t\t\t\t\t<\/div>\n\t\t<\/section>\n\t\t\t\t<section class=\"elementor-section elementor-top-section elementor-element elementor-element-cbbbef0 elementor-section-boxed elementor-section-height-default elementor-section-height-default\" data-id=\"cbbbef0\" data-element_type=\"section\" data-e-type=\"section\">\n\t\t\t\t\t\t<div class=\"elementor-container elementor-column-gap-default\">\n\t\t\t\t\t<div class=\"elementor-column elementor-col-100 elementor-top-column elementor-element elementor-element-5c9d681\" data-id=\"5c9d681\" data-element_type=\"column\" data-e-type=\"column\">\n\t\t\t<div class=\"elementor-widget-wrap elementor-element-populated\">\n\t\t\t\t\t\t<div class=\"elementor-element elementor-element-6cce227 elementor-widget elementor-widget-text-editor\" data-id=\"6cce227\" data-element_type=\"widget\" data-e-type=\"widget\" data-widget_type=\"text-editor.default\">\n\t\t\t\t<div class=\"elementor-widget-container\">\n\t\t\t\t\t\t\t\t\t<p>Posebna vrijednost programa je i pristup EIT Food inovacijskom ekosustavu, vode\u0107oj europskoj zajednici usmjerenoj na transformaciju prehrambenog sustava, kao i kvalitetnim prilikama za umre\u017eavanje i suradnju s mentorima, stru\u010dnjacima i drugim perspektivnim timovima.<\/p><p>U Food &amp; Agritech kategoriji tra\u017ee se ideje povezane s odr\u017eivom poljoprivredom, prehrambenim inovacijama, alternativnim proteinima, kru\u017enim prehrambenim sustavima i digitalnim rje\u0161enjima za poljoprivredu.<\/p>\t\t\t\t\t\t\t\t<\/div>\n\t\t\t\t<\/div>\n\t\t\t\t\t<\/div>\n\t\t<\/div>\n\t\t\t\t\t<\/div>\n\t\t<\/section>\n\t\t\t\t<section class=\"elementor-section elementor-top-section elementor-element elementor-element-b7cc7e4 elementor-section-boxed elementor-section-height-default elementor-section-height-default\" data-id=\"b7cc7e4\" data-element_type=\"section\" data-e-type=\"section\">\n\t\t\t\t\t\t<div class=\"elementor-container elementor-column-gap-default\">\n\t\t\t\t\t<div class=\"elementor-column elementor-col-100 elementor-top-column elementor-element elementor-element-da30282\" data-id=\"da30282\" data-element_type=\"column\" data-e-type=\"column\">\n\t\t\t<div class=\"elementor-widget-wrap elementor-element-populated\">\n\t\t\t\t\t\t<div class=\"elementor-element elementor-element-71908a3 elementor-widget elementor-widget-text-editor\" data-id=\"71908a3\" data-element_type=\"widget\" data-e-type=\"widget\" data-widget_type=\"text-editor.default\">\n\t\t\t\t<div class=\"elementor-widget-container\">\n\t\t\t\t\t\t\t\t\t<p>Program je otvoren pojedincima i timovima iz srednje, isto\u010dne i ju\u017ene Europe, uklju\u010duju\u0107i Hrvatsku, koji imaju ideje u ranoj fazi razvoja.<\/p><p>Najperspektivniji timovi tijekom programa mogu ostvariti financijsku potporu, a finalisti u svakoj kategoriji imat \u0107e priliku natjecati se za nagrade u iznosu do 10.000 eura, koje mogu iskoristiti za daljnji razvoj svojeg rje\u0161enja.<\/p><p><strong>Rok za prijavu je 8. svibnja 2026.<\/strong><\/p><p>Vi\u0161e informacija dostupno je na <a href=\"https:\/\/eitjumpstarter.eu\">poveznici<\/a>.<\/p>\t\t\t\t\t\t\t\t<\/div>\n\t\t\t\t<\/div>\n\t\t\t\t\t<\/div>\n\t\t<\/div>\n\t\t\t\t\t<\/div>\n\t\t<\/section>\n\t\t\t\t<\/div>\n\t\t","protected":false},"excerpt":{"rendered":"<p>Imate inovativnu ideju u podru\u010dju hrane i poljoprivrede? EIT Jumpstarter 2026 mo\u017ee vam pomo\u0107i da je razvijete u odr\u017eiv startup.<\/p>\n","protected":false},"author":4,"featured_media":19741,"parent":0,"menu_order":0,"comment_status":"closed","ping_status":"closed","template":"","meta":{"_acf_changed":false,"content-type":"","_uf_show_specific_survey":0,"_uf_disable_surveys":false,"_themeisle_gutenberg_block_has_review":false,"footnotes":""},"categories":[],"tags":[57,164,166],"class_list":["post-19751","page","type-page","status-publish","has-post-thumbnail","hentry","tag-eit-food","tag-eit-food-hrvatska","tag-eit-food-hrvatska-otvoreni-pozivi"],"acf":[],"yoast_head":"<!-- This site is optimized with the Yoast SEO plugin v27.4 - https:\/\/yoast.com\/product\/yoast-seo-wordpress\/ -->\n<title>EIT Jumpstarter 2026: pretvorite svoju ideju u startup - Smion<\/title>\n<meta name=\"description\" content=\"Imate inovativnu ideju u podru\u010dju hrane i poljoprivrede? EIT Jumpstarter 2026 mo\u017ee vam pomo\u0107i da je razvijete u odr\u017eiv startup.\" \/>\n<meta name=\"robots\" content=\"index, follow, max-snippet:-1, max-image-preview:large, max-video-preview:-1\" \/>\n<link rel=\"canonical\" href=\"https:\/\/smion.com\/hr\/eit-jumpstarter-2026-pretvorite-svoju-ideju-u-startup\/\" \/>\n<meta property=\"og:locale\" content=\"hr_HR\" \/>\n<meta property=\"og:type\" content=\"article\" \/>\n<meta property=\"og:title\" content=\"EIT Jumpstarter 2026: pretvorite svoju ideju u startup - Smion\" \/>\n<meta property=\"og:description\" content=\"Imate inovativnu ideju u podru\u010dju hrane i poljoprivrede? EIT Jumpstarter 2026 mo\u017ee vam pomo\u0107i da je razvijete u odr\u017eiv startup.\" \/>\n<meta property=\"og:url\" content=\"https:\/\/smion.com\/hr\/eit-jumpstarter-2026-pretvorite-svoju-ideju-u-startup\/\" \/>\n<meta property=\"og:site_name\" content=\"Smion\" \/>\n<meta property=\"article:publisher\" content=\"https:\/\/www.facebook.com\/smion.daretoinnovate\" \/>\n<meta property=\"article:modified_time\" content=\"2026-04-08T09:44:12+00:00\" \/>\n<meta property=\"og:image\" content=\"https:\/\/smion.com\/wp-content\/uploads\/2026\/04\/EIT-Jumpstarter-2026-1.png\" \/>\n\t<meta property=\"og:image:width\" content=\"1900\" \/>\n\t<meta property=\"og:image:height\" content=\"900\" \/>\n\t<meta property=\"og:image:type\" content=\"image\/png\" \/>\n<meta name=\"twitter:card\" content=\"summary_large_image\" \/>\n<meta name=\"twitter:label1\" content=\"Procijenjeno vrijeme \u010ditanja\" \/>\n\t<meta name=\"twitter:data1\" content=\"2 minute\" \/>\n<script type=\"application\/ld+json\" class=\"yoast-schema-graph\">{\"@context\":\"https:\\\/\\\/schema.org\",\"@graph\":[{\"@type\":\"WebPage\",\"@id\":\"https:\\\/\\\/smion.com\\\/hr\\\/eit-jumpstarter-2026-pretvorite-svoju-ideju-u-startup\\\/\",\"url\":\"https:\\\/\\\/smion.com\\\/hr\\\/eit-jumpstarter-2026-pretvorite-svoju-ideju-u-startup\\\/\",\"name\":\"EIT Jumpstarter 2026: pretvorite svoju ideju u startup - Smion\",\"isPartOf\":{\"@id\":\"https:\\\/\\\/smion.com\\\/#website\"},\"primaryImageOfPage\":{\"@id\":\"https:\\\/\\\/smion.com\\\/hr\\\/eit-jumpstarter-2026-pretvorite-svoju-ideju-u-startup\\\/#primaryimage\"},\"image\":{\"@id\":\"https:\\\/\\\/smion.com\\\/hr\\\/eit-jumpstarter-2026-pretvorite-svoju-ideju-u-startup\\\/#primaryimage\"},\"thumbnailUrl\":\"https:\\\/\\\/smion.com\\\/wp-content\\\/uploads\\\/2026\\\/04\\\/EIT-Jumpstarter-2026-1.png\",\"datePublished\":\"2026-04-08T09:37:57+00:00\",\"dateModified\":\"2026-04-08T09:44:12+00:00\",\"description\":\"Imate inovativnu ideju u podru\u010dju hrane i poljoprivrede? EIT Jumpstarter 2026 mo\u017ee vam pomo\u0107i da je razvijete u odr\u017eiv startup.\",\"breadcrumb\":{\"@id\":\"https:\\\/\\\/smion.com\\\/hr\\\/eit-jumpstarter-2026-pretvorite-svoju-ideju-u-startup\\\/#breadcrumb\"},\"inLanguage\":\"hr\",\"potentialAction\":[{\"@type\":\"ReadAction\",\"target\":[\"https:\\\/\\\/smion.com\\\/hr\\\/eit-jumpstarter-2026-pretvorite-svoju-ideju-u-startup\\\/\"]}]},{\"@type\":\"ImageObject\",\"inLanguage\":\"hr\",\"@id\":\"https:\\\/\\\/smion.com\\\/hr\\\/eit-jumpstarter-2026-pretvorite-svoju-ideju-u-startup\\\/#primaryimage\",\"url\":\"https:\\\/\\\/smion.com\\\/wp-content\\\/uploads\\\/2026\\\/04\\\/EIT-Jumpstarter-2026-1.png\",\"contentUrl\":\"https:\\\/\\\/smion.com\\\/wp-content\\\/uploads\\\/2026\\\/04\\\/EIT-Jumpstarter-2026-1.png\",\"width\":1900,\"height\":900,\"caption\":\"EIT Jumpstarter 2026 (1)\"},{\"@type\":\"BreadcrumbList\",\"@id\":\"https:\\\/\\\/smion.com\\\/hr\\\/eit-jumpstarter-2026-pretvorite-svoju-ideju-u-startup\\\/#breadcrumb\",\"itemListElement\":[{\"@type\":\"ListItem\",\"position\":1,\"name\":\"Home\",\"item\":\"https:\\\/\\\/smion.com\\\/\"},{\"@type\":\"ListItem\",\"position\":2,\"name\":\"EIT Jumpstarter 2026: pretvorite svoju ideju u startup\"}]},{\"@type\":\"WebSite\",\"@id\":\"https:\\\/\\\/smion.com\\\/#website\",\"url\":\"https:\\\/\\\/smion.com\\\/\",\"name\":\"Smion\",\"description\":\"Dare to Innovate\",\"publisher\":{\"@id\":\"https:\\\/\\\/smion.com\\\/#organization\"},\"potentialAction\":[{\"@type\":\"SearchAction\",\"target\":{\"@type\":\"EntryPoint\",\"urlTemplate\":\"https:\\\/\\\/smion.com\\\/?s={search_term_string}\"},\"query-input\":{\"@type\":\"PropertyValueSpecification\",\"valueRequired\":true,\"valueName\":\"search_term_string\"}}],\"inLanguage\":\"hr\"},{\"@type\":\"Organization\",\"@id\":\"https:\\\/\\\/smion.com\\\/#organization\",\"name\":\"Smion\",\"url\":\"https:\\\/\\\/smion.com\\\/\",\"logo\":{\"@type\":\"ImageObject\",\"inLanguage\":\"hr\",\"@id\":\"https:\\\/\\\/smion.com\\\/#\\\/schema\\\/logo\\\/image\\\/\",\"url\":\"https:\\\/\\\/smion.com\\\/wp-content\\\/uploads\\\/2023\\\/05\\\/Crno-bijela-pozadina-19-sec.gif\",\"contentUrl\":\"https:\\\/\\\/smion.com\\\/wp-content\\\/uploads\\\/2023\\\/05\\\/Crno-bijela-pozadina-19-sec.gif\",\"width\":199,\"height\":100,\"caption\":\"Smion\"},\"image\":{\"@id\":\"https:\\\/\\\/smion.com\\\/#\\\/schema\\\/logo\\\/image\\\/\"},\"sameAs\":[\"https:\\\/\\\/www.facebook.com\\\/smion.daretoinnovate\",\"https:\\\/\\\/www.linkedin.com\\\/company\\\/smioninnovation\\\/\"]}]}<\/script>\n<!-- \/ Yoast SEO plugin. -->","yoast_head_json":{"title":"EIT Jumpstarter 2026: pretvorite svoju ideju u startup - Smion","description":"Imate inovativnu ideju u podru\u010dju hrane i poljoprivrede? EIT Jumpstarter 2026 mo\u017ee vam pomo\u0107i da je razvijete u odr\u017eiv startup.","robots":{"index":"index","follow":"follow","max-snippet":"max-snippet:-1","max-image-preview":"max-image-preview:large","max-video-preview":"max-video-preview:-1"},"canonical":"https:\/\/smion.com\/hr\/eit-jumpstarter-2026-pretvorite-svoju-ideju-u-startup\/","og_locale":"hr_HR","og_type":"article","og_title":"EIT Jumpstarter 2026: pretvorite svoju ideju u startup - Smion","og_description":"Imate inovativnu ideju u podru\u010dju hrane i poljoprivrede? EIT Jumpstarter 2026 mo\u017ee vam pomo\u0107i da je razvijete u odr\u017eiv startup.","og_url":"https:\/\/smion.com\/hr\/eit-jumpstarter-2026-pretvorite-svoju-ideju-u-startup\/","og_site_name":"Smion","article_publisher":"https:\/\/www.facebook.com\/smion.daretoinnovate","article_modified_time":"2026-04-08T09:44:12+00:00","og_image":[{"width":1900,"height":900,"url":"https:\/\/smion.com\/wp-content\/uploads\/2026\/04\/EIT-Jumpstarter-2026-1.png","type":"image\/png"}],"twitter_card":"summary_large_image","twitter_misc":{"Procijenjeno vrijeme \u010ditanja":"2 minute"},"schema":{"@context":"https:\/\/schema.org","@graph":[{"@type":"WebPage","@id":"https:\/\/smion.com\/hr\/eit-jumpstarter-2026-pretvorite-svoju-ideju-u-startup\/","url":"https:\/\/smion.com\/hr\/eit-jumpstarter-2026-pretvorite-svoju-ideju-u-startup\/","name":"EIT Jumpstarter 2026: pretvorite svoju ideju u startup - Smion","isPartOf":{"@id":"https:\/\/smion.com\/#website"},"primaryImageOfPage":{"@id":"https:\/\/smion.com\/hr\/eit-jumpstarter-2026-pretvorite-svoju-ideju-u-startup\/#primaryimage"},"image":{"@id":"https:\/\/smion.com\/hr\/eit-jumpstarter-2026-pretvorite-svoju-ideju-u-startup\/#primaryimage"},"thumbnailUrl":"https:\/\/smion.com\/wp-content\/uploads\/2026\/04\/EIT-Jumpstarter-2026-1.png","datePublished":"2026-04-08T09:37:57+00:00","dateModified":"2026-04-08T09:44:12+00:00","description":"Imate inovativnu ideju u podru\u010dju hrane i poljoprivrede? EIT Jumpstarter 2026 mo\u017ee vam pomo\u0107i da je razvijete u odr\u017eiv startup.","breadcrumb":{"@id":"https:\/\/smion.com\/hr\/eit-jumpstarter-2026-pretvorite-svoju-ideju-u-startup\/#breadcrumb"},"inLanguage":"hr","potentialAction":[{"@type":"ReadAction","target":["https:\/\/smion.com\/hr\/eit-jumpstarter-2026-pretvorite-svoju-ideju-u-startup\/"]}]},{"@type":"ImageObject","inLanguage":"hr","@id":"https:\/\/smion.com\/hr\/eit-jumpstarter-2026-pretvorite-svoju-ideju-u-startup\/#primaryimage","url":"https:\/\/smion.com\/wp-content\/uploads\/2026\/04\/EIT-Jumpstarter-2026-1.png","contentUrl":"https:\/\/smion.com\/wp-content\/uploads\/2026\/04\/EIT-Jumpstarter-2026-1.png","width":1900,"height":900,"caption":"EIT Jumpstarter 2026 (1)"},{"@type":"BreadcrumbList","@id":"https:\/\/smion.com\/hr\/eit-jumpstarter-2026-pretvorite-svoju-ideju-u-startup\/#breadcrumb","itemListElement":[{"@type":"ListItem","position":1,"name":"Home","item":"https:\/\/smion.com\/"},{"@type":"ListItem","position":2,"name":"EIT Jumpstarter 2026: pretvorite svoju ideju u startup"}]},{"@type":"WebSite","@id":"https:\/\/smion.com\/#website","url":"https:\/\/smion.com\/","name":"Smion","description":"Dare to Innovate","publisher":{"@id":"https:\/\/smion.com\/#organization"},"potentialAction":[{"@type":"SearchAction","target":{"@type":"EntryPoint","urlTemplate":"https:\/\/smion.com\/?s={search_term_string}"},"query-input":{"@type":"PropertyValueSpecification","valueRequired":true,"valueName":"search_term_string"}}],"inLanguage":"hr"},{"@type":"Organization","@id":"https:\/\/smion.com\/#organization","name":"Smion","url":"https:\/\/smion.com\/","logo":{"@type":"ImageObject","inLanguage":"hr","@id":"https:\/\/smion.com\/#\/schema\/logo\/image\/","url":"https:\/\/smion.com\/wp-content\/uploads\/2023\/05\/Crno-bijela-pozadina-19-sec.gif","contentUrl":"https:\/\/smion.com\/wp-content\/uploads\/2023\/05\/Crno-bijela-pozadina-19-sec.gif","width":199,"height":100,"caption":"Smion"},"image":{"@id":"https:\/\/smion.com\/#\/schema\/logo\/image\/"},"sameAs":["https:\/\/www.facebook.com\/smion.daretoinnovate","https:\/\/www.linkedin.com\/company\/smioninnovation\/"]}]}},"_links":{"self":[{"href":"https:\/\/smion.com\/hr\/wp-json\/wp\/v2\/pages\/19751","targetHints":{"allow":["GET"]}}],"collection":[{"href":"https:\/\/smion.com\/hr\/wp-json\/wp\/v2\/pages"}],"about":[{"href":"https:\/\/smion.com\/hr\/wp-json\/wp\/v2\/types\/page"}],"author":[{"embeddable":true,"href":"https:\/\/smion.com\/hr\/wp-json\/wp\/v2\/users\/4"}],"replies":[{"embeddable":true,"href":"https:\/\/smion.com\/hr\/wp-json\/wp\/v2\/comments?post=19751"}],"version-history":[{"count":4,"href":"https:\/\/smion.com\/hr\/wp-json\/wp\/v2\/pages\/19751\/revisions"}],"predecessor-version":[{"id":19755,"href":"https:\/\/smion.com\/hr\/wp-json\/wp\/v2\/pages\/19751\/revisions\/19755"}],"wp:featuredmedia":[{"embeddable":true,"href":"https:\/\/smion.com\/hr\/wp-json\/wp\/v2\/media\/19741"}],"wp:attachment":[{"href":"https:\/\/smion.com\/hr\/wp-json\/wp\/v2\/media?parent=19751"}],"wp:term":[{"taxonomy":"category","embeddable":true,"href":"https:\/\/smion.com\/hr\/wp-json\/wp\/v2\/categories?post=19751"},{"taxonomy":"post_tag","embeddable":true,"href":"https:\/\/smion.com\/hr\/wp-json\/wp\/v2\/tags?post=19751"}],"curies":[{"name":"wp","href":"https:\/\/api.w.org\/{rel}","templated":true}]}}