{"id":19738,"date":"2026-04-08T09:31:28","date_gmt":"2026-04-08T09:31:28","guid":{"rendered":"https:\/\/smion.com\/?page_id=19738"},"modified":"2026-04-08T09:34:51","modified_gmt":"2026-04-08T09:34:51","slug":"ewa-2026-nove-prilike-za-zene-u-agrifoodu","status":"publish","type":"page","link":"https:\/\/smion.com\/hr\/ewa-2026-nove-prilike-za-zene-u-agrifoodu\/","title":{"rendered":"EWA 2026: nove prilike za \u017eene u agrifoodu"},"content":{"rendered":"\t\t<div data-elementor-type=\"wp-page\" data-elementor-id=\"19738\" class=\"elementor elementor-19738\" data-elementor-post-type=\"page\">\n\t\t\t\t\t\t<section class=\"elementor-section elementor-top-section elementor-element elementor-element-17786da elementor-section-boxed elementor-section-height-default elementor-section-height-default\" data-id=\"17786da\" data-element_type=\"section\" data-e-type=\"section\">\n\t\t\t\t\t\t<div class=\"elementor-container elementor-column-gap-default\">\n\t\t\t\t\t<div class=\"elementor-column elementor-col-100 elementor-top-column elementor-element elementor-element-eec62ed\" data-id=\"eec62ed\" data-element_type=\"column\" data-e-type=\"column\">\n\t\t\t<div class=\"elementor-widget-wrap elementor-element-populated\">\n\t\t\t\t\t\t<div class=\"elementor-element elementor-element-789739f elementor-widget elementor-widget-theme-post-featured-image elementor-widget-image\" data-id=\"789739f\" data-element_type=\"widget\" data-e-type=\"widget\" data-widget_type=\"theme-post-featured-image.default\">\n\t\t\t\t<div class=\"elementor-widget-container\">\n\t\t\t\t\t\t\t\t\t\t\t\t\t\t\t<img fetchpriority=\"high\" decoding=\"async\" width=\"800\" height=\"450\" src=\"https:\/\/smion.com\/wp-content\/uploads\/2026\/04\/Empowering-Women-in-Agrifood-EWA-1-1024x576.png\" class=\"attachment-large size-large wp-image-19739\" alt=\"Empowering Women in Agrifood (EWA) (1)\" srcset=\"https:\/\/smion.com\/wp-content\/uploads\/2026\/04\/Empowering-Women-in-Agrifood-EWA-1-1024x576.png 1024w, https:\/\/smion.com\/wp-content\/uploads\/2026\/04\/Empowering-Women-in-Agrifood-EWA-1-300x169.png 300w, https:\/\/smion.com\/wp-content\/uploads\/2026\/04\/Empowering-Women-in-Agrifood-EWA-1-768x432.png 768w, https:\/\/smion.com\/wp-content\/uploads\/2026\/04\/Empowering-Women-in-Agrifood-EWA-1-1536x864.png 1536w, https:\/\/smion.com\/wp-content\/uploads\/2026\/04\/Empowering-Women-in-Agrifood-EWA-1-2048x1152.png 2048w\" sizes=\"(max-width: 800px) 100vw, 800px\" \/>\t\t\t\t\t\t\t\t\t\t\t\t\t\t\t<\/div>\n\t\t\t\t<\/div>\n\t\t\t\t\t<\/div>\n\t\t<\/div>\n\t\t\t\t\t<\/div>\n\t\t<\/section>\n\t\t\t\t<section class=\"elementor-section elementor-top-section elementor-element elementor-element-5fe9416 elementor-section-boxed elementor-section-height-default elementor-section-height-default\" data-id=\"5fe9416\" data-element_type=\"section\" data-e-type=\"section\">\n\t\t\t\t\t\t<div class=\"elementor-container elementor-column-gap-default\">\n\t\t\t\t\t<div class=\"elementor-column elementor-col-100 elementor-top-column elementor-element elementor-element-dc1d001\" data-id=\"dc1d001\" data-element_type=\"column\" data-e-type=\"column\">\n\t\t\t<div class=\"elementor-widget-wrap elementor-element-populated\">\n\t\t\t\t\t\t<div class=\"elementor-element elementor-element-a8b9ac7 elementor-widget elementor-widget-text-editor\" data-id=\"a8b9ac7\" data-element_type=\"widget\" data-e-type=\"widget\" data-widget_type=\"text-editor.default\">\n\t\t\t\t<div class=\"elementor-widget-container\">\n\t\t\t\t\t\t\t\t\t<p>Empowering Women in Agrifood (EWA) program EIT Fooda i ove godine otvara vrata poduzetnicama koje \u017eele graditi odr\u017eiviju, otporniju i inovativniju budu\u0107nost hrane. U svojoj sedmoj godini EWA ulazi u novo poglavlje: iz jednog programa prerasta u fleksibilnu strukturu od tri modula \u2014 EWA Explore, EWA Grow i EWA Advance \u2014 kako bi \u017eenama ponudila podr\u0161ku koja odgovara upravo fazi razvoja njihove ideje ili poslovanja.<\/p>\t\t\t\t\t\t\t\t<\/div>\n\t\t\t\t<\/div>\n\t\t\t\t\t<\/div>\n\t\t<\/div>\n\t\t\t\t\t<\/div>\n\t\t<\/section>\n\t\t\t\t<section class=\"elementor-section elementor-top-section elementor-element elementor-element-4df798f elementor-section-boxed elementor-section-height-default elementor-section-height-default\" data-id=\"4df798f\" data-element_type=\"section\" data-e-type=\"section\">\n\t\t\t\t\t\t<div class=\"elementor-container elementor-column-gap-default\">\n\t\t\t\t\t<div class=\"elementor-column elementor-col-100 elementor-top-column elementor-element elementor-element-e5a5963\" data-id=\"e5a5963\" data-element_type=\"column\" data-e-type=\"column\">\n\t\t\t<div class=\"elementor-widget-wrap elementor-element-populated\">\n\t\t\t\t\t\t<div class=\"elementor-element elementor-element-f5bacbc elementor-widget elementor-widget-text-editor\" data-id=\"f5bacbc\" data-element_type=\"widget\" data-e-type=\"widget\" data-widget_type=\"text-editor.default\">\n\t\t\t\t<div class=\"elementor-widget-container\">\n\t\t\t\t\t\t\t\t\t<h2>EWA Advance 2026: podr\u0161ka startupovima spremnima za rast<\/h2>\t\t\t\t\t\t\t\t<\/div>\n\t\t\t\t<\/div>\n\t\t\t\t\t<\/div>\n\t\t<\/div>\n\t\t\t\t\t<\/div>\n\t\t<\/section>\n\t\t\t\t<section class=\"elementor-section elementor-top-section elementor-element elementor-element-eb173ff elementor-section-boxed elementor-section-height-default elementor-section-height-default\" data-id=\"eb173ff\" data-element_type=\"section\" data-e-type=\"section\">\n\t\t\t\t\t\t<div class=\"elementor-container elementor-column-gap-default\">\n\t\t\t\t\t<div class=\"elementor-column elementor-col-100 elementor-top-column elementor-element elementor-element-02985c5\" data-id=\"02985c5\" data-element_type=\"column\" data-e-type=\"column\">\n\t\t\t<div class=\"elementor-widget-wrap elementor-element-populated\">\n\t\t\t\t\t\t<div class=\"elementor-element elementor-element-a6238c2 elementor-widget elementor-widget-text-editor\" data-id=\"a6238c2\" data-element_type=\"widget\" data-e-type=\"widget\" data-widget_type=\"text-editor.default\">\n\t\t\t\t<div class=\"elementor-widget-container\">\n\t\t\t\t\t\t\t\t\t<p>Otvoren je <strong>EWA Advance 2026<\/strong>, paneuropski program namijenjen osniva\u010dicama i predstavnicama startupova koje su osnovale \u017eene, a koje ve\u0107 imaju inovativna rje\u0161enja s ostvarenim prodajnim rezultatima i tr\u017ei\u0161nom trakcijom.<\/p><p>Program je usmjeren na ubrzavanje komercijalnog rasta, ja\u010danje investicijske i korporativne spremnosti te skaliranje poslovanja. Odabrane sudionice dobit \u0107e pristup stru\u010dnim edukacijama, mentorstvu, umre\u017eavanju, masterclassu i zavr\u0161nom <strong>Demo Dayu<\/strong>, a najuspje\u0161nije finalistice natjecat \u0107e se za nagrade od<strong> 20.000 i 15.000 eura.<\/strong><\/p><p><strong>Prijave su otvorene do 26. travnja 2026.<\/strong><\/p><p>Vi\u0161e informacija dostupno je <a href=\"https:\/\/www.eitfood.eu\/open-calls\/call-for-empowering-women-in-agrifood-ewa-advance-programme-2026-participants\">ovdje<\/a>.<\/p>\t\t\t\t\t\t\t\t<\/div>\n\t\t\t\t<\/div>\n\t\t\t\t\t<\/div>\n\t\t<\/div>\n\t\t\t\t\t<\/div>\n\t\t<\/section>\n\t\t\t\t<section class=\"elementor-section elementor-top-section elementor-element elementor-element-47b3e64 elementor-section-boxed elementor-section-height-default elementor-section-height-default\" data-id=\"47b3e64\" data-element_type=\"section\" data-e-type=\"section\">\n\t\t\t\t\t\t<div class=\"elementor-container elementor-column-gap-default\">\n\t\t\t\t\t<div class=\"elementor-column elementor-col-100 elementor-top-column elementor-element elementor-element-38260a9\" data-id=\"38260a9\" data-element_type=\"column\" data-e-type=\"column\">\n\t\t\t<div class=\"elementor-widget-wrap elementor-element-populated\">\n\t\t\t\t\t\t<div class=\"elementor-element elementor-element-532f71c elementor-widget elementor-widget-text-editor\" data-id=\"532f71c\" data-element_type=\"widget\" data-e-type=\"widget\" data-widget_type=\"text-editor.default\">\n\t\t\t\t<div class=\"elementor-widget-container\">\n\t\t\t\t\t\t\t\t\t<h2>EWA Grow 2026 u Hrvatskoj<\/h2>\t\t\t\t\t\t\t\t<\/div>\n\t\t\t\t<\/div>\n\t\t\t\t\t<\/div>\n\t\t<\/div>\n\t\t\t\t\t<\/div>\n\t\t<\/section>\n\t\t\t\t<section class=\"elementor-section elementor-top-section elementor-element elementor-element-c54d1cf elementor-section-boxed elementor-section-height-default elementor-section-height-default\" data-id=\"c54d1cf\" data-element_type=\"section\" data-e-type=\"section\">\n\t\t\t\t\t\t<div class=\"elementor-container elementor-column-gap-default\">\n\t\t\t\t\t<div class=\"elementor-column elementor-col-100 elementor-top-column elementor-element elementor-element-5d5a625\" data-id=\"5d5a625\" data-element_type=\"column\" data-e-type=\"column\">\n\t\t\t<div class=\"elementor-widget-wrap elementor-element-populated\">\n\t\t\t\t\t\t<div class=\"elementor-element elementor-element-52cd336 elementor-widget elementor-widget-text-editor\" data-id=\"52cd336\" data-element_type=\"widget\" data-e-type=\"widget\" data-widget_type=\"text-editor.default\">\n\t\t\t\t<div class=\"elementor-widget-container\">\n\t\t\t\t\t\t\t\t\t<p>Za poduzetnice u Hrvatskoj otvoren je i <strong>EWA Grow 2026<\/strong>, modul namijenjen \u017eenama koje imaju poslovnu ideju u prehrambeno-poljoprivrednom sektoru ili vode startup u ranoj fazi razvoja. Program traje \u0161est mjeseci i uklju\u010duje edukaciju, individualno mentorstvo, umre\u017eavanje, masterclass i zavr\u0161ni <strong>Demo Day<\/strong>.<\/p><p>Prijave su otvorene do <strong>26. travnja 2026.<\/strong>, a vi\u0161e informacija o programu i uvjetima prijave dostupno je <a href=\"https:\/\/smion.com\/hr\/eit-food-ewa\/?_gl=1*1ew1fs1*_up*MQ..*_ga*NTg2MjE2ODQxLjE3NzQ4NzMwMjU.*_ga_XTJ9826R5B*czE3NzQ4NzMwMjQkbzEkZzAkdDE3NzQ4NzMwMjQkajYwJGwwJGgw\">ovdje<\/a>.<\/p><p>Ako razmi\u0161ljate o prijavi, pridru\u017eite nam se i na online <strong>Q&amp;A sesiji 16. travnja 2026. u 14:00 sati<\/strong>, na kojoj \u0107emo predstaviti program i odgovoriti na pitanja zainteresiranih sudionica.<\/p><p><strong>Prijavite se za sudjelovanje na Q&amp;A sesiji <a href=\"https:\/\/smion.com\/hr\/empowering-women-in-agrifood-prijava-za-qampa\/\">ovdje<\/a>.<\/strong><\/p>\t\t\t\t\t\t\t\t<\/div>\n\t\t\t\t<\/div>\n\t\t\t\t\t<\/div>\n\t\t<\/div>\n\t\t\t\t\t<\/div>\n\t\t<\/section>\n\t\t\t\t<section class=\"elementor-section elementor-top-section elementor-element elementor-element-d994143 elementor-section-boxed elementor-section-height-default elementor-section-height-default\" data-id=\"d994143\" data-element_type=\"section\" data-e-type=\"section\">\n\t\t\t\t\t\t<div class=\"elementor-container elementor-column-gap-default\">\n\t\t\t\t\t<div class=\"elementor-column elementor-col-100 elementor-top-column elementor-element elementor-element-0861675\" data-id=\"0861675\" data-element_type=\"column\" data-e-type=\"column\">\n\t\t\t<div class=\"elementor-widget-wrap elementor-element-populated\">\n\t\t\t\t\t\t<div class=\"elementor-element elementor-element-15162a0 elementor-widget elementor-widget-text-editor\" data-id=\"15162a0\" data-element_type=\"widget\" data-e-type=\"widget\" data-widget_type=\"text-editor.default\">\n\t\t\t\t<div class=\"elementor-widget-container\">\n\t\t\t\t\t\t\t\t\t<h2>EWA Explore: prvi korak u razvoju agrifood ideje<\/h2>\t\t\t\t\t\t\t\t<\/div>\n\t\t\t\t<\/div>\n\t\t\t\t\t<\/div>\n\t\t<\/div>\n\t\t\t\t\t<\/div>\n\t\t<\/section>\n\t\t\t\t<section class=\"elementor-section elementor-top-section elementor-element elementor-element-e7cdecd elementor-section-boxed elementor-section-height-default elementor-section-height-default\" data-id=\"e7cdecd\" data-element_type=\"section\" data-e-type=\"section\">\n\t\t\t\t\t\t<div class=\"elementor-container elementor-column-gap-default\">\n\t\t\t\t\t<div class=\"elementor-column elementor-col-100 elementor-top-column elementor-element elementor-element-3f59a79\" data-id=\"3f59a79\" data-element_type=\"column\" data-e-type=\"column\">\n\t\t\t<div class=\"elementor-widget-wrap elementor-element-populated\">\n\t\t\t\t\t\t<div class=\"elementor-element elementor-element-464327d elementor-widget elementor-widget-text-editor\" data-id=\"464327d\" data-element_type=\"widget\" data-e-type=\"widget\" data-widget_type=\"text-editor.default\">\n\t\t\t\t<div class=\"elementor-widget-container\">\n\t\t\t\t\t\t\t\t\t<p>Uz programe Grow i Advance, dostupan je i EWA Explore &#8211; online te\u010daj, osmi\u0161ljen kako bi polaznicama pru\u017eio temeljna poduzetni\u010dka znanja i prakti\u010dne alate za istra\u017eivanje, razvoj i validaciju agrifood poslovnih ideja.<\/p><p>Program obuhva\u0107a teme poput razvoja ideje, poslovnog modela, financijske pismenosti, tehnologije, podataka, umre\u017eavanja i komunikacije.<\/p><ul><li><strong>Format:<\/strong> online<\/li><li><strong>Cijena:<\/strong> 35 eura po sudionici<\/li><li><strong>Dostupnost:<\/strong> tijekom cijele godine<\/li><\/ul><p>\u00a0<\/p><p>Vi\u0161e informacija dostupno je <a href=\"https:\/\/www.eitfood.eu\/ewa-explore\">ovdje<\/a>.<\/p>\t\t\t\t\t\t\t\t<\/div>\n\t\t\t\t<\/div>\n\t\t\t\t\t<\/div>\n\t\t<\/div>\n\t\t\t\t\t<\/div>\n\t\t<\/section>\n\t\t\t\t<\/div>\n\t\t","protected":false},"excerpt":{"rendered":"<p>Empowering Women in Agrifood (EWA) program EIT Fooda i ove godine otvara vrata poduzetnicama koje \u017eele graditi odr\u017eiviju, otporniju i inovativniju budu\u0107nost hrane. <\/p>\n","protected":false},"author":4,"featured_media":19739,"parent":0,"menu_order":0,"comment_status":"closed","ping_status":"closed","template":"","meta":{"_acf_changed":false,"content-type":"","_uf_show_specific_survey":0,"_uf_disable_surveys":false,"_themeisle_gutenberg_block_has_review":false,"footnotes":""},"categories":[],"tags":[164,166],"class_list":["post-19738","page","type-page","status-publish","has-post-thumbnail","hentry","tag-eit-food-hrvatska","tag-eit-food-hrvatska-otvoreni-pozivi"],"acf":[],"yoast_head":"<!-- This site is optimized with the Yoast SEO plugin v27.4 - https:\/\/yoast.com\/product\/yoast-seo-wordpress\/ -->\n<title>EWA 2026: nove prilike za \u017eene u agrifoodu - Smion<\/title>\n<meta name=\"description\" content=\"Empowering Women in Agrifood (EWA) program EIT Fooda i ove godine otvara vrata poduzetnicama koje \u017eele graditi budu\u0107nost hrane.\" \/>\n<meta name=\"robots\" content=\"index, follow, max-snippet:-1, max-image-preview:large, max-video-preview:-1\" \/>\n<link rel=\"canonical\" href=\"https:\/\/smion.com\/hr\/ewa-2026-nove-prilike-za-zene-u-agrifoodu\/\" \/>\n<meta property=\"og:locale\" content=\"hr_HR\" \/>\n<meta property=\"og:type\" content=\"article\" \/>\n<meta property=\"og:title\" content=\"EWA 2026: nove prilike za \u017eene u agrifoodu - Smion\" \/>\n<meta property=\"og:description\" content=\"Empowering Women in Agrifood (EWA) program EIT Fooda i ove godine otvara vrata poduzetnicama koje \u017eele graditi budu\u0107nost hrane.\" \/>\n<meta property=\"og:url\" content=\"https:\/\/smion.com\/hr\/ewa-2026-nove-prilike-za-zene-u-agrifoodu\/\" \/>\n<meta property=\"og:site_name\" content=\"Smion\" \/>\n<meta property=\"article:publisher\" content=\"https:\/\/www.facebook.com\/smion.daretoinnovate\" \/>\n<meta property=\"article:modified_time\" content=\"2026-04-08T09:34:51+00:00\" \/>\n<meta property=\"og:image\" content=\"https:\/\/smion.com\/wp-content\/uploads\/2026\/04\/Empowering-Women-in-Agrifood-EWA-1.png\" \/>\n\t<meta property=\"og:image:width\" content=\"2240\" \/>\n\t<meta property=\"og:image:height\" content=\"1260\" \/>\n\t<meta property=\"og:image:type\" content=\"image\/png\" \/>\n<meta name=\"twitter:card\" content=\"summary_large_image\" \/>\n<meta name=\"twitter:label1\" content=\"Procijenjeno vrijeme \u010ditanja\" \/>\n\t<meta name=\"twitter:data1\" content=\"2 minute\" \/>\n<script type=\"application\/ld+json\" class=\"yoast-schema-graph\">{\"@context\":\"https:\\\/\\\/schema.org\",\"@graph\":[{\"@type\":\"WebPage\",\"@id\":\"https:\\\/\\\/smion.com\\\/hr\\\/ewa-2026-nove-prilike-za-zene-u-agrifoodu\\\/\",\"url\":\"https:\\\/\\\/smion.com\\\/hr\\\/ewa-2026-nove-prilike-za-zene-u-agrifoodu\\\/\",\"name\":\"EWA 2026: nove prilike za \u017eene u agrifoodu - Smion\",\"isPartOf\":{\"@id\":\"https:\\\/\\\/smion.com\\\/#website\"},\"primaryImageOfPage\":{\"@id\":\"https:\\\/\\\/smion.com\\\/hr\\\/ewa-2026-nove-prilike-za-zene-u-agrifoodu\\\/#primaryimage\"},\"image\":{\"@id\":\"https:\\\/\\\/smion.com\\\/hr\\\/ewa-2026-nove-prilike-za-zene-u-agrifoodu\\\/#primaryimage\"},\"thumbnailUrl\":\"https:\\\/\\\/smion.com\\\/wp-content\\\/uploads\\\/2026\\\/04\\\/Empowering-Women-in-Agrifood-EWA-1.png\",\"datePublished\":\"2026-04-08T09:31:28+00:00\",\"dateModified\":\"2026-04-08T09:34:51+00:00\",\"description\":\"Empowering Women in Agrifood (EWA) program EIT Fooda i ove godine otvara vrata poduzetnicama koje \u017eele graditi budu\u0107nost hrane.\",\"breadcrumb\":{\"@id\":\"https:\\\/\\\/smion.com\\\/hr\\\/ewa-2026-nove-prilike-za-zene-u-agrifoodu\\\/#breadcrumb\"},\"inLanguage\":\"hr\",\"potentialAction\":[{\"@type\":\"ReadAction\",\"target\":[\"https:\\\/\\\/smion.com\\\/hr\\\/ewa-2026-nove-prilike-za-zene-u-agrifoodu\\\/\"]}]},{\"@type\":\"ImageObject\",\"inLanguage\":\"hr\",\"@id\":\"https:\\\/\\\/smion.com\\\/hr\\\/ewa-2026-nove-prilike-za-zene-u-agrifoodu\\\/#primaryimage\",\"url\":\"https:\\\/\\\/smion.com\\\/wp-content\\\/uploads\\\/2026\\\/04\\\/Empowering-Women-in-Agrifood-EWA-1.png\",\"contentUrl\":\"https:\\\/\\\/smion.com\\\/wp-content\\\/uploads\\\/2026\\\/04\\\/Empowering-Women-in-Agrifood-EWA-1.png\",\"width\":2240,\"height\":1260,\"caption\":\"Empowering Women in Agrifood (EWA) (1)\"},{\"@type\":\"BreadcrumbList\",\"@id\":\"https:\\\/\\\/smion.com\\\/hr\\\/ewa-2026-nove-prilike-za-zene-u-agrifoodu\\\/#breadcrumb\",\"itemListElement\":[{\"@type\":\"ListItem\",\"position\":1,\"name\":\"Home\",\"item\":\"https:\\\/\\\/smion.com\\\/\"},{\"@type\":\"ListItem\",\"position\":2,\"name\":\"EWA 2026: nove prilike za \u017eene u agrifoodu\"}]},{\"@type\":\"WebSite\",\"@id\":\"https:\\\/\\\/smion.com\\\/#website\",\"url\":\"https:\\\/\\\/smion.com\\\/\",\"name\":\"Smion\",\"description\":\"Dare to Innovate\",\"publisher\":{\"@id\":\"https:\\\/\\\/smion.com\\\/#organization\"},\"potentialAction\":[{\"@type\":\"SearchAction\",\"target\":{\"@type\":\"EntryPoint\",\"urlTemplate\":\"https:\\\/\\\/smion.com\\\/?s={search_term_string}\"},\"query-input\":{\"@type\":\"PropertyValueSpecification\",\"valueRequired\":true,\"valueName\":\"search_term_string\"}}],\"inLanguage\":\"hr\"},{\"@type\":\"Organization\",\"@id\":\"https:\\\/\\\/smion.com\\\/#organization\",\"name\":\"Smion\",\"url\":\"https:\\\/\\\/smion.com\\\/\",\"logo\":{\"@type\":\"ImageObject\",\"inLanguage\":\"hr\",\"@id\":\"https:\\\/\\\/smion.com\\\/#\\\/schema\\\/logo\\\/image\\\/\",\"url\":\"https:\\\/\\\/smion.com\\\/wp-content\\\/uploads\\\/2023\\\/05\\\/Crno-bijela-pozadina-19-sec.gif\",\"contentUrl\":\"https:\\\/\\\/smion.com\\\/wp-content\\\/uploads\\\/2023\\\/05\\\/Crno-bijela-pozadina-19-sec.gif\",\"width\":199,\"height\":100,\"caption\":\"Smion\"},\"image\":{\"@id\":\"https:\\\/\\\/smion.com\\\/#\\\/schema\\\/logo\\\/image\\\/\"},\"sameAs\":[\"https:\\\/\\\/www.facebook.com\\\/smion.daretoinnovate\",\"https:\\\/\\\/www.linkedin.com\\\/company\\\/smioninnovation\\\/\"]}]}<\/script>\n<!-- \/ Yoast SEO plugin. -->","yoast_head_json":{"title":"EWA 2026: nove prilike za \u017eene u agrifoodu - Smion","description":"Empowering Women in Agrifood (EWA) program EIT Fooda i ove godine otvara vrata poduzetnicama koje \u017eele graditi budu\u0107nost hrane.","robots":{"index":"index","follow":"follow","max-snippet":"max-snippet:-1","max-image-preview":"max-image-preview:large","max-video-preview":"max-video-preview:-1"},"canonical":"https:\/\/smion.com\/hr\/ewa-2026-nove-prilike-za-zene-u-agrifoodu\/","og_locale":"hr_HR","og_type":"article","og_title":"EWA 2026: nove prilike za \u017eene u agrifoodu - Smion","og_description":"Empowering Women in Agrifood (EWA) program EIT Fooda i ove godine otvara vrata poduzetnicama koje \u017eele graditi budu\u0107nost hrane.","og_url":"https:\/\/smion.com\/hr\/ewa-2026-nove-prilike-za-zene-u-agrifoodu\/","og_site_name":"Smion","article_publisher":"https:\/\/www.facebook.com\/smion.daretoinnovate","article_modified_time":"2026-04-08T09:34:51+00:00","og_image":[{"width":2240,"height":1260,"url":"https:\/\/smion.com\/wp-content\/uploads\/2026\/04\/Empowering-Women-in-Agrifood-EWA-1.png","type":"image\/png"}],"twitter_card":"summary_large_image","twitter_misc":{"Procijenjeno vrijeme \u010ditanja":"2 minute"},"schema":{"@context":"https:\/\/schema.org","@graph":[{"@type":"WebPage","@id":"https:\/\/smion.com\/hr\/ewa-2026-nove-prilike-za-zene-u-agrifoodu\/","url":"https:\/\/smion.com\/hr\/ewa-2026-nove-prilike-za-zene-u-agrifoodu\/","name":"EWA 2026: nove prilike za \u017eene u agrifoodu - Smion","isPartOf":{"@id":"https:\/\/smion.com\/#website"},"primaryImageOfPage":{"@id":"https:\/\/smion.com\/hr\/ewa-2026-nove-prilike-za-zene-u-agrifoodu\/#primaryimage"},"image":{"@id":"https:\/\/smion.com\/hr\/ewa-2026-nove-prilike-za-zene-u-agrifoodu\/#primaryimage"},"thumbnailUrl":"https:\/\/smion.com\/wp-content\/uploads\/2026\/04\/Empowering-Women-in-Agrifood-EWA-1.png","datePublished":"2026-04-08T09:31:28+00:00","dateModified":"2026-04-08T09:34:51+00:00","description":"Empowering Women in Agrifood (EWA) program EIT Fooda i ove godine otvara vrata poduzetnicama koje \u017eele graditi budu\u0107nost hrane.","breadcrumb":{"@id":"https:\/\/smion.com\/hr\/ewa-2026-nove-prilike-za-zene-u-agrifoodu\/#breadcrumb"},"inLanguage":"hr","potentialAction":[{"@type":"ReadAction","target":["https:\/\/smion.com\/hr\/ewa-2026-nove-prilike-za-zene-u-agrifoodu\/"]}]},{"@type":"ImageObject","inLanguage":"hr","@id":"https:\/\/smion.com\/hr\/ewa-2026-nove-prilike-za-zene-u-agrifoodu\/#primaryimage","url":"https:\/\/smion.com\/wp-content\/uploads\/2026\/04\/Empowering-Women-in-Agrifood-EWA-1.png","contentUrl":"https:\/\/smion.com\/wp-content\/uploads\/2026\/04\/Empowering-Women-in-Agrifood-EWA-1.png","width":2240,"height":1260,"caption":"Empowering Women in Agrifood (EWA) (1)"},{"@type":"BreadcrumbList","@id":"https:\/\/smion.com\/hr\/ewa-2026-nove-prilike-za-zene-u-agrifoodu\/#breadcrumb","itemListElement":[{"@type":"ListItem","position":1,"name":"Home","item":"https:\/\/smion.com\/"},{"@type":"ListItem","position":2,"name":"EWA 2026: nove prilike za \u017eene u agrifoodu"}]},{"@type":"WebSite","@id":"https:\/\/smion.com\/#website","url":"https:\/\/smion.com\/","name":"Smion","description":"Dare to Innovate","publisher":{"@id":"https:\/\/smion.com\/#organization"},"potentialAction":[{"@type":"SearchAction","target":{"@type":"EntryPoint","urlTemplate":"https:\/\/smion.com\/?s={search_term_string}"},"query-input":{"@type":"PropertyValueSpecification","valueRequired":true,"valueName":"search_term_string"}}],"inLanguage":"hr"},{"@type":"Organization","@id":"https:\/\/smion.com\/#organization","name":"Smion","url":"https:\/\/smion.com\/","logo":{"@type":"ImageObject","inLanguage":"hr","@id":"https:\/\/smion.com\/#\/schema\/logo\/image\/","url":"https:\/\/smion.com\/wp-content\/uploads\/2023\/05\/Crno-bijela-pozadina-19-sec.gif","contentUrl":"https:\/\/smion.com\/wp-content\/uploads\/2023\/05\/Crno-bijela-pozadina-19-sec.gif","width":199,"height":100,"caption":"Smion"},"image":{"@id":"https:\/\/smion.com\/#\/schema\/logo\/image\/"},"sameAs":["https:\/\/www.facebook.com\/smion.daretoinnovate","https:\/\/www.linkedin.com\/company\/smioninnovation\/"]}]}},"_links":{"self":[{"href":"https:\/\/smion.com\/hr\/wp-json\/wp\/v2\/pages\/19738","targetHints":{"allow":["GET"]}}],"collection":[{"href":"https:\/\/smion.com\/hr\/wp-json\/wp\/v2\/pages"}],"about":[{"href":"https:\/\/smion.com\/hr\/wp-json\/wp\/v2\/types\/page"}],"author":[{"embeddable":true,"href":"https:\/\/smion.com\/hr\/wp-json\/wp\/v2\/users\/4"}],"replies":[{"embeddable":true,"href":"https:\/\/smion.com\/hr\/wp-json\/wp\/v2\/comments?post=19738"}],"version-history":[{"count":8,"href":"https:\/\/smion.com\/hr\/wp-json\/wp\/v2\/pages\/19738\/revisions"}],"predecessor-version":[{"id":19750,"href":"https:\/\/smion.com\/hr\/wp-json\/wp\/v2\/pages\/19738\/revisions\/19750"}],"wp:featuredmedia":[{"embeddable":true,"href":"https:\/\/smion.com\/hr\/wp-json\/wp\/v2\/media\/19739"}],"wp:attachment":[{"href":"https:\/\/smion.com\/hr\/wp-json\/wp\/v2\/media?parent=19738"}],"wp:term":[{"taxonomy":"category","embeddable":true,"href":"https:\/\/smion.com\/hr\/wp-json\/wp\/v2\/categories?post=19738"},{"taxonomy":"post_tag","embeddable":true,"href":"https:\/\/smion.com\/hr\/wp-json\/wp\/v2\/tags?post=19738"}],"curies":[{"name":"wp","href":"https:\/\/api.w.org\/{rel}","templated":true}]}}