{"id":19718,"date":"2026-04-07T10:01:39","date_gmt":"2026-04-07T10:01:39","guid":{"rendered":"https:\/\/smion.com\/?page_id=19718"},"modified":"2026-04-07T10:08:45","modified_gmt":"2026-04-07T10:08:45","slug":"eit-food-accelerator-network-fan-otvoren-poziv-za-startupe-u-2026-godini","status":"publish","type":"page","link":"https:\/\/smion.com\/hr\/eit-food-accelerator-network-fan-otvoren-poziv-za-startupe-u-2026-godini\/","title":{"rendered":"EIT Food Accelerator Network (FAN): otvoren poziv za startupe u 2026. godini"},"content":{"rendered":"\t\t<div data-elementor-type=\"wp-page\" data-elementor-id=\"19718\" class=\"elementor elementor-19718\" data-elementor-post-type=\"page\">\n\t\t\t\t\t\t<section class=\"elementor-section elementor-top-section elementor-element elementor-element-2d83182 elementor-section-boxed elementor-section-height-default elementor-section-height-default\" data-id=\"2d83182\" data-element_type=\"section\" data-e-type=\"section\">\n\t\t\t\t\t\t<div class=\"elementor-container elementor-column-gap-default\">\n\t\t\t\t\t<div class=\"elementor-column elementor-col-100 elementor-top-column elementor-element elementor-element-39bf4e8\" data-id=\"39bf4e8\" data-element_type=\"column\" data-e-type=\"column\">\n\t\t\t<div class=\"elementor-widget-wrap elementor-element-populated\">\n\t\t\t\t\t\t<div class=\"elementor-element elementor-element-5244e67 elementor-widget elementor-widget-theme-post-featured-image elementor-widget-image\" data-id=\"5244e67\" data-element_type=\"widget\" data-e-type=\"widget\" data-widget_type=\"theme-post-featured-image.default\">\n\t\t\t\t<div class=\"elementor-widget-container\">\n\t\t\t\t\t\t\t\t\t\t\t\t\t\t\t<img fetchpriority=\"high\" decoding=\"async\" width=\"800\" height=\"450\" src=\"https:\/\/smion.com\/wp-content\/uploads\/2026\/04\/EIT-Food-Accelerator-Network-1-1024x576.png\" class=\"attachment-large size-large wp-image-19719\" alt=\"EIT Food Accelerator Network\" srcset=\"https:\/\/smion.com\/wp-content\/uploads\/2026\/04\/EIT-Food-Accelerator-Network-1-1024x576.png 1024w, https:\/\/smion.com\/wp-content\/uploads\/2026\/04\/EIT-Food-Accelerator-Network-1-300x169.png 300w, https:\/\/smion.com\/wp-content\/uploads\/2026\/04\/EIT-Food-Accelerator-Network-1-768x432.png 768w, https:\/\/smion.com\/wp-content\/uploads\/2026\/04\/EIT-Food-Accelerator-Network-1-1536x864.png 1536w, https:\/\/smion.com\/wp-content\/uploads\/2026\/04\/EIT-Food-Accelerator-Network-1-2048x1152.png 2048w\" sizes=\"(max-width: 800px) 100vw, 800px\" \/>\t\t\t\t\t\t\t\t\t\t\t\t\t\t\t<\/div>\n\t\t\t\t<\/div>\n\t\t\t\t\t<\/div>\n\t\t<\/div>\n\t\t\t\t\t<\/div>\n\t\t<\/section>\n\t\t\t\t<section class=\"elementor-section elementor-top-section elementor-element elementor-element-c868e31 elementor-section-boxed elementor-section-height-default elementor-section-height-default\" data-id=\"c868e31\" data-element_type=\"section\" data-e-type=\"section\">\n\t\t\t\t\t\t<div class=\"elementor-container elementor-column-gap-default\">\n\t\t\t\t\t<div class=\"elementor-column elementor-col-100 elementor-top-column elementor-element elementor-element-d126a1a\" data-id=\"d126a1a\" data-element_type=\"column\" data-e-type=\"column\">\n\t\t\t<div class=\"elementor-widget-wrap elementor-element-populated\">\n\t\t\t\t\t\t<div class=\"elementor-element elementor-element-a78c320 elementor-widget elementor-widget-text-editor\" data-id=\"a78c320\" data-element_type=\"widget\" data-e-type=\"widget\" data-widget_type=\"text-editor.default\">\n\t\t\t\t<div class=\"elementor-widget-container\">\n\t\t\t\t\t\t\t\t\t<p>Jeste li spremni podi\u0107i svoj AgriFoodTech startup na vi\u0161u razinu?<\/p><p>Priliku za to pru\u017ea<strong> EIT Food Accelerator Network 2026<\/strong> \u2013 program osmi\u0161ljen kako bi ubrzao razvoj inovativnih startupa i podr\u017eao ih na putu prema odr\u017eivijem, zdravijem i pouzdanijem prehrambenom sustavu.<\/p><p>Rije\u010d je o jednoj od najdinami\u010dnijih europskih zajednica u agrifood sektoru, namijenjenoj startupima koji \u017eele unaprijediti razvoj proizvoda i oja\u010dati svoju spremnost za suradnju s korporacijama i investitorima.<\/p><p>Sudjelovanjem u programu startupi dobivaju priliku dodatno oblikovati svoj razvojni put, testirati i validirati svoju tehnologiju te se povezati s klju\u010dnim dionicima europske prehrambene industrije.<\/p>\t\t\t\t\t\t\t\t<\/div>\n\t\t\t\t<\/div>\n\t\t\t\t\t<\/div>\n\t\t<\/div>\n\t\t\t\t\t<\/div>\n\t\t<\/section>\n\t\t\t\t<section class=\"elementor-section elementor-top-section elementor-element elementor-element-2461a9c elementor-section-boxed elementor-section-height-default elementor-section-height-default\" data-id=\"2461a9c\" data-element_type=\"section\" data-e-type=\"section\">\n\t\t\t\t\t\t<div class=\"elementor-container elementor-column-gap-default\">\n\t\t\t\t\t<div class=\"elementor-column elementor-col-100 elementor-top-column elementor-element elementor-element-6126e0f\" data-id=\"6126e0f\" data-element_type=\"column\" data-e-type=\"column\">\n\t\t\t<div class=\"elementor-widget-wrap elementor-element-populated\">\n\t\t\t\t\t\t<div class=\"elementor-element elementor-element-f8037c3 elementor-widget elementor-widget-text-editor\" data-id=\"f8037c3\" data-element_type=\"widget\" data-e-type=\"widget\" data-widget_type=\"text-editor.default\">\n\t\t\t\t<div class=\"elementor-widget-container\">\n\t\t\t\t\t\t\t\t\t<p>U sklopu programa sudionici mogu:<\/p><ul><li>prepoznati tehnolo\u0161ke izazove i dodatno usmjeriti razvojnu mapu svojeg proizvoda<\/li><li>dobiti priliku za osvajanje do 50.000 eura potpore za provedbu projekta validacije tehnologije<\/li><li>sura\u0111ivati s korporativnim partnerima poput Bayera, Mondelezza, Corteve, Danonea i drugih kroz ciljane inovacijske izazove<\/li><li>sudjelovati u vrhunskim radionicama i mentorskim programima usmjerenima na ja\u010danje korporativne i investicijske spremnosti<\/li><li>pro\u0161iriti svoju mre\u017eu kontakata unutar europskog agrifood ekosustava i upoznati klju\u010dne dionike industrije<\/li><li>ostvariti putnu potporu od 3.000 eura za sudjelovanje na networking doga\u0111anjima i sastancima<\/li><\/ul>\t\t\t\t\t\t\t\t<\/div>\n\t\t\t\t<\/div>\n\t\t\t\t\t<\/div>\n\t\t<\/div>\n\t\t\t\t\t<\/div>\n\t\t<\/section>\n\t\t\t\t<section class=\"elementor-section elementor-top-section elementor-element elementor-element-ca7d688 elementor-section-boxed elementor-section-height-default elementor-section-height-default\" data-id=\"ca7d688\" data-element_type=\"section\" data-e-type=\"section\">\n\t\t\t\t\t\t<div class=\"elementor-container elementor-column-gap-default\">\n\t\t\t\t\t<div class=\"elementor-column elementor-col-100 elementor-top-column elementor-element elementor-element-b88ede2\" data-id=\"b88ede2\" data-element_type=\"column\" data-e-type=\"column\">\n\t\t\t<div class=\"elementor-widget-wrap elementor-element-populated\">\n\t\t\t\t\t\t<div class=\"elementor-element elementor-element-83576b8 elementor-widget elementor-widget-text-editor\" data-id=\"83576b8\" data-element_type=\"widget\" data-e-type=\"widget\" data-widget_type=\"text-editor.default\">\n\t\t\t\t<div class=\"elementor-widget-container\">\n\t\t\t\t\t\t\t\t\t<p>Program je namijenjen poduzetnicima i startupima koji razvijaju inovativna rje\u0161enja u podru\u010dju prehrane i poljoprivrednih tehnologija te \u017eele ubrzati rast svojeg poslovanja, otvoriti vrata novim partnerstvima i pove\u0107ati svoju vidljivost na europskom tr\u017ei\u0161tu.<\/p><p>Ako razvijate rje\u0161enje koje mo\u017ee doprinijeti budu\u0107nosti prehrambenog i poljoprivrednog sektora, ovo je prilika koju ne biste trebali propustiti.<\/p><p><strong>Rok za prijavu je 8. travnja 2026.<\/strong>, a sve informacije o mogu\u0107em produljenju roka prijave preporu\u010duje se pratiti putem slu\u017ebenih objava programa.<\/p><p><a href=\"https:\/\/www.eitfood.eu\/entrepreneurship\/accelerate-food-accelerator-network\">Vi\u0161e o programu mo\u017eete saznati na slu\u017ebenoj stranici<\/a>.<\/p>\t\t\t\t\t\t\t\t<\/div>\n\t\t\t\t<\/div>\n\t\t\t\t\t<\/div>\n\t\t<\/div>\n\t\t\t\t\t<\/div>\n\t\t<\/section>\n\t\t\t\t<\/div>\n\t\t","protected":false},"excerpt":{"rendered":"<p>Jeste li spremni podi\u0107i svoj AgriFoodTech startup na vi\u0161u razinu? Priliku za to pru\u017ea EIT Food Accelerator Network 2026 \u2013 program osmi\u0161ljen kako bi ubrzao razvoj inovativnih startupa i podr\u017eao ih na putu prema odr\u017eivijem, zdravijem i pouzdanijem prehrambenom sustavu. Rije\u010d je o jednoj od najdinami\u010dnijih europskih zajednica u agrifood sektoru, namijenjenoj startupima koji \u017eele [&hellip;]<\/p>\n","protected":false},"author":4,"featured_media":19719,"parent":0,"menu_order":0,"comment_status":"closed","ping_status":"closed","template":"","meta":{"_acf_changed":false,"content-type":"","_uf_show_specific_survey":0,"_uf_disable_surveys":false,"_themeisle_gutenberg_block_has_review":false,"footnotes":""},"categories":[],"tags":[164,166],"class_list":["post-19718","page","type-page","status-publish","has-post-thumbnail","hentry","tag-eit-food-hrvatska","tag-eit-food-hrvatska-otvoreni-pozivi"],"acf":[],"yoast_head":"<!-- This site is optimized with the Yoast SEO plugin v27.6 - https:\/\/yoast.com\/product\/yoast-seo-wordpress\/ -->\n<title>EIT Food Accelerator Network (FAN): otvoren poziv za startupe u 2026. godini - Smion<\/title>\n<meta name=\"description\" content=\"Jeste li spremni podi\u0107i svoj AgriFoodTech startup na vi\u0161u razinu?Priliku za to pru\u017ea EIT Food Accelerator Network 2026.\" \/>\n<meta name=\"robots\" content=\"index, follow, max-snippet:-1, max-image-preview:large, max-video-preview:-1\" \/>\n<link rel=\"canonical\" href=\"https:\/\/smion.com\/hr\/eit-food-accelerator-network-fan-otvoren-poziv-za-startupe-u-2026-godini\/\" \/>\n<meta property=\"og:locale\" content=\"hr_HR\" \/>\n<meta property=\"og:type\" content=\"article\" \/>\n<meta property=\"og:title\" content=\"EIT Food Accelerator Network (FAN): otvoren poziv za startupe u 2026. godini - Smion\" \/>\n<meta property=\"og:description\" content=\"Jeste li spremni podi\u0107i svoj AgriFoodTech startup na vi\u0161u razinu?Priliku za to pru\u017ea EIT Food Accelerator Network 2026.\" \/>\n<meta property=\"og:url\" content=\"https:\/\/smion.com\/hr\/eit-food-accelerator-network-fan-otvoren-poziv-za-startupe-u-2026-godini\/\" \/>\n<meta property=\"og:site_name\" content=\"Smion\" \/>\n<meta property=\"article:publisher\" content=\"https:\/\/www.facebook.com\/smion.daretoinnovate\" \/>\n<meta property=\"article:modified_time\" content=\"2026-04-07T10:08:45+00:00\" \/>\n<meta property=\"og:image\" content=\"https:\/\/smion.com\/wp-content\/uploads\/2026\/04\/EIT-Food-Accelerator-Network-1.png\" \/>\n\t<meta property=\"og:image:width\" content=\"2240\" \/>\n\t<meta property=\"og:image:height\" content=\"1260\" \/>\n\t<meta property=\"og:image:type\" content=\"image\/png\" \/>\n<meta name=\"twitter:card\" content=\"summary_large_image\" \/>\n<meta name=\"twitter:label1\" content=\"Procijenjeno vrijeme \u010ditanja\" \/>\n\t<meta name=\"twitter:data1\" content=\"2 minute\" \/>\n<script type=\"application\/ld+json\" class=\"yoast-schema-graph\">{\"@context\":\"https:\\\/\\\/schema.org\",\"@graph\":[{\"@type\":\"WebPage\",\"@id\":\"https:\\\/\\\/smion.com\\\/hr\\\/eit-food-accelerator-network-fan-otvoren-poziv-za-startupe-u-2026-godini\\\/\",\"url\":\"https:\\\/\\\/smion.com\\\/hr\\\/eit-food-accelerator-network-fan-otvoren-poziv-za-startupe-u-2026-godini\\\/\",\"name\":\"EIT Food Accelerator Network (FAN): otvoren poziv za startupe u 2026. godini - Smion\",\"isPartOf\":{\"@id\":\"https:\\\/\\\/smion.com\\\/#website\"},\"primaryImageOfPage\":{\"@id\":\"https:\\\/\\\/smion.com\\\/hr\\\/eit-food-accelerator-network-fan-otvoren-poziv-za-startupe-u-2026-godini\\\/#primaryimage\"},\"image\":{\"@id\":\"https:\\\/\\\/smion.com\\\/hr\\\/eit-food-accelerator-network-fan-otvoren-poziv-za-startupe-u-2026-godini\\\/#primaryimage\"},\"thumbnailUrl\":\"https:\\\/\\\/smion.com\\\/wp-content\\\/uploads\\\/2026\\\/04\\\/EIT-Food-Accelerator-Network-1.png\",\"datePublished\":\"2026-04-07T10:01:39+00:00\",\"dateModified\":\"2026-04-07T10:08:45+00:00\",\"description\":\"Jeste li spremni podi\u0107i svoj AgriFoodTech startup na vi\u0161u razinu?Priliku za to pru\u017ea EIT Food Accelerator Network 2026.\",\"breadcrumb\":{\"@id\":\"https:\\\/\\\/smion.com\\\/hr\\\/eit-food-accelerator-network-fan-otvoren-poziv-za-startupe-u-2026-godini\\\/#breadcrumb\"},\"inLanguage\":\"hr\",\"potentialAction\":[{\"@type\":\"ReadAction\",\"target\":[\"https:\\\/\\\/smion.com\\\/hr\\\/eit-food-accelerator-network-fan-otvoren-poziv-za-startupe-u-2026-godini\\\/\"]}]},{\"@type\":\"ImageObject\",\"inLanguage\":\"hr\",\"@id\":\"https:\\\/\\\/smion.com\\\/hr\\\/eit-food-accelerator-network-fan-otvoren-poziv-za-startupe-u-2026-godini\\\/#primaryimage\",\"url\":\"https:\\\/\\\/smion.com\\\/wp-content\\\/uploads\\\/2026\\\/04\\\/EIT-Food-Accelerator-Network-1.png\",\"contentUrl\":\"https:\\\/\\\/smion.com\\\/wp-content\\\/uploads\\\/2026\\\/04\\\/EIT-Food-Accelerator-Network-1.png\",\"width\":2240,\"height\":1260,\"caption\":\"EIT Food Accelerator Network\"},{\"@type\":\"BreadcrumbList\",\"@id\":\"https:\\\/\\\/smion.com\\\/hr\\\/eit-food-accelerator-network-fan-otvoren-poziv-za-startupe-u-2026-godini\\\/#breadcrumb\",\"itemListElement\":[{\"@type\":\"ListItem\",\"position\":1,\"name\":\"Home\",\"item\":\"https:\\\/\\\/smion.com\\\/\"},{\"@type\":\"ListItem\",\"position\":2,\"name\":\"EIT Food Accelerator Network (FAN): otvoren poziv za startupe u 2026. godini\"}]},{\"@type\":\"WebSite\",\"@id\":\"https:\\\/\\\/smion.com\\\/#website\",\"url\":\"https:\\\/\\\/smion.com\\\/\",\"name\":\"Smion\",\"description\":\"Dare to Innovate\",\"publisher\":{\"@id\":\"https:\\\/\\\/smion.com\\\/#organization\"},\"potentialAction\":[{\"@type\":\"SearchAction\",\"target\":{\"@type\":\"EntryPoint\",\"urlTemplate\":\"https:\\\/\\\/smion.com\\\/?s={search_term_string}\"},\"query-input\":{\"@type\":\"PropertyValueSpecification\",\"valueRequired\":true,\"valueName\":\"search_term_string\"}}],\"inLanguage\":\"hr\"},{\"@type\":\"Organization\",\"@id\":\"https:\\\/\\\/smion.com\\\/#organization\",\"name\":\"Smion\",\"url\":\"https:\\\/\\\/smion.com\\\/\",\"logo\":{\"@type\":\"ImageObject\",\"inLanguage\":\"hr\",\"@id\":\"https:\\\/\\\/smion.com\\\/#\\\/schema\\\/logo\\\/image\\\/\",\"url\":\"https:\\\/\\\/smion.com\\\/wp-content\\\/uploads\\\/2023\\\/05\\\/Crno-bijela-pozadina-19-sec.gif\",\"contentUrl\":\"https:\\\/\\\/smion.com\\\/wp-content\\\/uploads\\\/2023\\\/05\\\/Crno-bijela-pozadina-19-sec.gif\",\"width\":199,\"height\":100,\"caption\":\"Smion\"},\"image\":{\"@id\":\"https:\\\/\\\/smion.com\\\/#\\\/schema\\\/logo\\\/image\\\/\"},\"sameAs\":[\"https:\\\/\\\/www.facebook.com\\\/smion.daretoinnovate\",\"https:\\\/\\\/www.linkedin.com\\\/company\\\/smioninnovation\\\/\"]}]}<\/script>\n<!-- \/ Yoast SEO plugin. -->","yoast_head_json":{"title":"EIT Food Accelerator Network (FAN): otvoren poziv za startupe u 2026. godini - Smion","description":"Jeste li spremni podi\u0107i svoj AgriFoodTech startup na vi\u0161u razinu?Priliku za to pru\u017ea EIT Food Accelerator Network 2026.","robots":{"index":"index","follow":"follow","max-snippet":"max-snippet:-1","max-image-preview":"max-image-preview:large","max-video-preview":"max-video-preview:-1"},"canonical":"https:\/\/smion.com\/hr\/eit-food-accelerator-network-fan-otvoren-poziv-za-startupe-u-2026-godini\/","og_locale":"hr_HR","og_type":"article","og_title":"EIT Food Accelerator Network (FAN): otvoren poziv za startupe u 2026. godini - Smion","og_description":"Jeste li spremni podi\u0107i svoj AgriFoodTech startup na vi\u0161u razinu?Priliku za to pru\u017ea EIT Food Accelerator Network 2026.","og_url":"https:\/\/smion.com\/hr\/eit-food-accelerator-network-fan-otvoren-poziv-za-startupe-u-2026-godini\/","og_site_name":"Smion","article_publisher":"https:\/\/www.facebook.com\/smion.daretoinnovate","article_modified_time":"2026-04-07T10:08:45+00:00","og_image":[{"width":2240,"height":1260,"url":"https:\/\/smion.com\/wp-content\/uploads\/2026\/04\/EIT-Food-Accelerator-Network-1.png","type":"image\/png"}],"twitter_card":"summary_large_image","twitter_misc":{"Procijenjeno vrijeme \u010ditanja":"2 minute"},"schema":{"@context":"https:\/\/schema.org","@graph":[{"@type":"WebPage","@id":"https:\/\/smion.com\/hr\/eit-food-accelerator-network-fan-otvoren-poziv-za-startupe-u-2026-godini\/","url":"https:\/\/smion.com\/hr\/eit-food-accelerator-network-fan-otvoren-poziv-za-startupe-u-2026-godini\/","name":"EIT Food Accelerator Network (FAN): otvoren poziv za startupe u 2026. godini - Smion","isPartOf":{"@id":"https:\/\/smion.com\/#website"},"primaryImageOfPage":{"@id":"https:\/\/smion.com\/hr\/eit-food-accelerator-network-fan-otvoren-poziv-za-startupe-u-2026-godini\/#primaryimage"},"image":{"@id":"https:\/\/smion.com\/hr\/eit-food-accelerator-network-fan-otvoren-poziv-za-startupe-u-2026-godini\/#primaryimage"},"thumbnailUrl":"https:\/\/smion.com\/wp-content\/uploads\/2026\/04\/EIT-Food-Accelerator-Network-1.png","datePublished":"2026-04-07T10:01:39+00:00","dateModified":"2026-04-07T10:08:45+00:00","description":"Jeste li spremni podi\u0107i svoj AgriFoodTech startup na vi\u0161u razinu?Priliku za to pru\u017ea EIT Food Accelerator Network 2026.","breadcrumb":{"@id":"https:\/\/smion.com\/hr\/eit-food-accelerator-network-fan-otvoren-poziv-za-startupe-u-2026-godini\/#breadcrumb"},"inLanguage":"hr","potentialAction":[{"@type":"ReadAction","target":["https:\/\/smion.com\/hr\/eit-food-accelerator-network-fan-otvoren-poziv-za-startupe-u-2026-godini\/"]}]},{"@type":"ImageObject","inLanguage":"hr","@id":"https:\/\/smion.com\/hr\/eit-food-accelerator-network-fan-otvoren-poziv-za-startupe-u-2026-godini\/#primaryimage","url":"https:\/\/smion.com\/wp-content\/uploads\/2026\/04\/EIT-Food-Accelerator-Network-1.png","contentUrl":"https:\/\/smion.com\/wp-content\/uploads\/2026\/04\/EIT-Food-Accelerator-Network-1.png","width":2240,"height":1260,"caption":"EIT Food Accelerator Network"},{"@type":"BreadcrumbList","@id":"https:\/\/smion.com\/hr\/eit-food-accelerator-network-fan-otvoren-poziv-za-startupe-u-2026-godini\/#breadcrumb","itemListElement":[{"@type":"ListItem","position":1,"name":"Home","item":"https:\/\/smion.com\/"},{"@type":"ListItem","position":2,"name":"EIT Food Accelerator Network (FAN): otvoren poziv za startupe u 2026. godini"}]},{"@type":"WebSite","@id":"https:\/\/smion.com\/#website","url":"https:\/\/smion.com\/","name":"Smion","description":"Dare to Innovate","publisher":{"@id":"https:\/\/smion.com\/#organization"},"potentialAction":[{"@type":"SearchAction","target":{"@type":"EntryPoint","urlTemplate":"https:\/\/smion.com\/?s={search_term_string}"},"query-input":{"@type":"PropertyValueSpecification","valueRequired":true,"valueName":"search_term_string"}}],"inLanguage":"hr"},{"@type":"Organization","@id":"https:\/\/smion.com\/#organization","name":"Smion","url":"https:\/\/smion.com\/","logo":{"@type":"ImageObject","inLanguage":"hr","@id":"https:\/\/smion.com\/#\/schema\/logo\/image\/","url":"https:\/\/smion.com\/wp-content\/uploads\/2023\/05\/Crno-bijela-pozadina-19-sec.gif","contentUrl":"https:\/\/smion.com\/wp-content\/uploads\/2023\/05\/Crno-bijela-pozadina-19-sec.gif","width":199,"height":100,"caption":"Smion"},"image":{"@id":"https:\/\/smion.com\/#\/schema\/logo\/image\/"},"sameAs":["https:\/\/www.facebook.com\/smion.daretoinnovate","https:\/\/www.linkedin.com\/company\/smioninnovation\/"]}]}},"_links":{"self":[{"href":"https:\/\/smion.com\/hr\/wp-json\/wp\/v2\/pages\/19718","targetHints":{"allow":["GET"]}}],"collection":[{"href":"https:\/\/smion.com\/hr\/wp-json\/wp\/v2\/pages"}],"about":[{"href":"https:\/\/smion.com\/hr\/wp-json\/wp\/v2\/types\/page"}],"author":[{"embeddable":true,"href":"https:\/\/smion.com\/hr\/wp-json\/wp\/v2\/users\/4"}],"replies":[{"embeddable":true,"href":"https:\/\/smion.com\/hr\/wp-json\/wp\/v2\/comments?post=19718"}],"version-history":[{"count":7,"href":"https:\/\/smion.com\/hr\/wp-json\/wp\/v2\/pages\/19718\/revisions"}],"predecessor-version":[{"id":19727,"href":"https:\/\/smion.com\/hr\/wp-json\/wp\/v2\/pages\/19718\/revisions\/19727"}],"wp:featuredmedia":[{"embeddable":true,"href":"https:\/\/smion.com\/hr\/wp-json\/wp\/v2\/media\/19719"}],"wp:attachment":[{"href":"https:\/\/smion.com\/hr\/wp-json\/wp\/v2\/media?parent=19718"}],"wp:term":[{"taxonomy":"category","embeddable":true,"href":"https:\/\/smion.com\/hr\/wp-json\/wp\/v2\/categories?post=19718"},{"taxonomy":"post_tag","embeddable":true,"href":"https:\/\/smion.com\/hr\/wp-json\/wp\/v2\/tags?post=19718"}],"curies":[{"name":"wp","href":"https:\/\/api.w.org\/{rel}","templated":true}]}}