{"id":18107,"date":"2025-05-29T09:55:29","date_gmt":"2025-05-29T09:55:29","guid":{"rendered":"https:\/\/smion.com\/?page_id=18107"},"modified":"2025-05-29T10:00:22","modified_gmt":"2025-05-29T10:00:22","slug":"foodeducators-info-webinar-predstavljanje-projekta-i-obrazovanja-o-hrani","status":"publish","type":"page","link":"https:\/\/smion.com\/hr\/foodeducators-info-webinar-predstavljanje-projekta-i-obrazovanja-o-hrani\/","title":{"rendered":"FoodEducators info webinar &#8211; Predstavljanje projekta i obrazovanja o hrani"},"content":{"rendered":"\t\t<div data-elementor-type=\"wp-page\" data-elementor-id=\"18107\" class=\"elementor elementor-18107\" data-elementor-post-type=\"page\">\n\t\t\t\t\t\t<section class=\"elementor-section elementor-top-section elementor-element elementor-element-6d9e4cb elementor-section-boxed elementor-section-height-default elementor-section-height-default\" data-id=\"6d9e4cb\" data-element_type=\"section\" data-e-type=\"section\">\n\t\t\t\t\t\t<div class=\"elementor-container elementor-column-gap-default\">\n\t\t\t\t\t<div class=\"elementor-column elementor-col-100 elementor-top-column elementor-element elementor-element-8572ee9\" data-id=\"8572ee9\" data-element_type=\"column\" data-e-type=\"column\">\n\t\t\t<div class=\"elementor-widget-wrap elementor-element-populated\">\n\t\t\t\t\t\t<div class=\"elementor-element elementor-element-839b37b elementor-widget elementor-widget-theme-post-featured-image elementor-widget-image\" data-id=\"839b37b\" data-element_type=\"widget\" data-e-type=\"widget\" data-widget_type=\"theme-post-featured-image.default\">\n\t\t\t\t<div class=\"elementor-widget-container\">\n\t\t\t\t\t\t\t\t\t\t\t\t\t\t\t<img fetchpriority=\"high\" decoding=\"async\" width=\"800\" height=\"450\" src=\"https:\/\/smion.com\/wp-content\/uploads\/2025\/05\/Info-Webinar-1-1024x576.png\" class=\"attachment-large size-large wp-image-18109\" alt=\"Info Webinar #1 FoodEducators\" srcset=\"https:\/\/smion.com\/wp-content\/uploads\/2025\/05\/Info-Webinar-1-1024x576.png 1024w, https:\/\/smion.com\/wp-content\/uploads\/2025\/05\/Info-Webinar-1-300x169.png 300w, https:\/\/smion.com\/wp-content\/uploads\/2025\/05\/Info-Webinar-1-768x432.png 768w, https:\/\/smion.com\/wp-content\/uploads\/2025\/05\/Info-Webinar-1-1536x864.png 1536w, https:\/\/smion.com\/wp-content\/uploads\/2025\/05\/Info-Webinar-1.png 1920w\" sizes=\"(max-width: 800px) 100vw, 800px\" \/>\t\t\t\t\t\t\t\t\t\t\t\t\t\t\t<\/div>\n\t\t\t\t<\/div>\n\t\t\t\t\t<\/div>\n\t\t<\/div>\n\t\t\t\t\t<\/div>\n\t\t<\/section>\n\t\t\t\t<section class=\"elementor-section elementor-top-section elementor-element elementor-element-2bb9511 elementor-section-boxed elementor-section-height-default elementor-section-height-default\" data-id=\"2bb9511\" data-element_type=\"section\" data-e-type=\"section\">\n\t\t\t\t\t\t<div class=\"elementor-container elementor-column-gap-default\">\n\t\t\t\t\t<div class=\"elementor-column elementor-col-100 elementor-top-column elementor-element elementor-element-43da267\" data-id=\"43da267\" data-element_type=\"column\" data-e-type=\"column\">\n\t\t\t<div class=\"elementor-widget-wrap elementor-element-populated\">\n\t\t\t\t\t\t<div class=\"elementor-element elementor-element-947dc42 elementor-align-right elementor-widget elementor-widget-button\" data-id=\"947dc42\" data-element_type=\"widget\" data-e-type=\"widget\" data-widget_type=\"button.default\">\n\t\t\t\t<div class=\"elementor-widget-container\">\n\t\t\t\t\t\t\t\t\t<div class=\"elementor-button-wrapper\">\n\t\t\t\t\t<a class=\"elementor-button elementor-button-link elementor-size-sm\" href=\"https:\/\/share.hsforms.com\/1n3dChmMVRYecc5nOMG7QhA5b9de\" target=\"_blank\">\n\t\t\t\t\t\t<span class=\"elementor-button-content-wrapper\">\n\t\t\t\t\t\t\t\t\t<span class=\"elementor-button-text\">Prijavite se<\/span>\n\t\t\t\t\t<\/span>\n\t\t\t\t\t<\/a>\n\t\t\t\t<\/div>\n\t\t\t\t\t\t\t\t<\/div>\n\t\t\t\t<\/div>\n\t\t\t\t\t<\/div>\n\t\t<\/div>\n\t\t\t\t\t<\/div>\n\t\t<\/section>\n\t\t\t\t<section class=\"elementor-section elementor-top-section elementor-element elementor-element-d5b4cde elementor-section-boxed elementor-section-height-default elementor-section-height-default\" data-id=\"d5b4cde\" data-element_type=\"section\" data-e-type=\"section\">\n\t\t\t\t\t\t<div class=\"elementor-container elementor-column-gap-default\">\n\t\t\t\t\t<div class=\"elementor-column elementor-col-100 elementor-top-column elementor-element elementor-element-1ce797d\" data-id=\"1ce797d\" data-element_type=\"column\" data-e-type=\"column\">\n\t\t\t<div class=\"elementor-widget-wrap elementor-element-populated\">\n\t\t\t\t\t\t<div class=\"elementor-element elementor-element-9b00e64 elementor-widget elementor-widget-text-editor\" data-id=\"9b00e64\" data-element_type=\"widget\" data-e-type=\"widget\" data-widget_type=\"text-editor.default\">\n\t\t\t\t<div class=\"elementor-widget-container\">\n\t\t\t\t\t\t\t\t\t<p>Pridru\u017eite nam se na kratkom, ali sadr\u017eajnom informativnom webinaru na kojem \u0107emo predstaviti projekt FoodEducators, obrazovni program koji \u0161kolama pru\u017ea podr\u0161ku u integriranju tema hrane, odr\u017eivosti i zdravih \u017eivotnih navika u nastavu i \u0161kolske aktivnosti.<\/p><p>Webinar uklju\u010duje intervju sa stru\u010dnjakom ili predstavljanje primjera dobre prakse i projekata koji se bave temama pravilne prehrane, otpada i gubitka hrane, prehrambenih sustava i karijera u agro-prehrambenom sektoru.<\/p><p>Doga\u0111aj je namijenjen nastavnicima, u\u010diteljima, stru\u010dnim suradnicima i svima koji \u017eele saznati vi\u0161e o tome kako obrazovanje o hrani mo\u017ee oblikovati zdraviju i odr\u017eiviju budu\u0107nost.<\/p>\t\t\t\t\t\t\t\t<\/div>\n\t\t\t\t<\/div>\n\t\t\t\t\t<\/div>\n\t\t<\/div>\n\t\t\t\t\t<\/div>\n\t\t<\/section>\n\t\t\t\t<section class=\"elementor-section elementor-top-section elementor-element elementor-element-6d30eaa elementor-section-boxed elementor-section-height-default elementor-section-height-default\" data-id=\"6d30eaa\" data-element_type=\"section\" data-e-type=\"section\">\n\t\t\t\t\t\t<div class=\"elementor-container elementor-column-gap-default\">\n\t\t\t\t\t<div class=\"elementor-column elementor-col-100 elementor-top-column elementor-element elementor-element-f5a82c0\" data-id=\"f5a82c0\" data-element_type=\"column\" data-e-type=\"column\">\n\t\t\t<div class=\"elementor-widget-wrap elementor-element-populated\">\n\t\t\t\t\t\t<div class=\"elementor-element elementor-element-ad13e23 elementor-widget elementor-widget-text-editor\" data-id=\"ad13e23\" data-element_type=\"widget\" data-e-type=\"widget\" data-widget_type=\"text-editor.default\">\n\t\t\t\t<div class=\"elementor-widget-container\">\n\t\t\t\t\t\t\t\t\t<p>\ud83d\uddd3 <b>Vrijeme: <\/b>1.7.2025. u 16:00h<\/p><p>\u23f1 <b>Trajanje: <\/b>30 minuta<\/p><p>\ud83c\udf10 <b>Lokacija: <\/b>Online<\/p>\t\t\t\t\t\t\t\t<\/div>\n\t\t\t\t<\/div>\n\t\t\t\t\t<\/div>\n\t\t<\/div>\n\t\t\t\t\t<\/div>\n\t\t<\/section>\n\t\t\t\t<section class=\"elementor-section elementor-top-section elementor-element elementor-element-5bec316 elementor-section-boxed elementor-section-height-default elementor-section-height-default\" data-id=\"5bec316\" data-element_type=\"section\" data-e-type=\"section\">\n\t\t\t\t\t\t<div class=\"elementor-container elementor-column-gap-default\">\n\t\t\t\t\t<div class=\"elementor-column elementor-col-100 elementor-top-column elementor-element elementor-element-ca24927\" data-id=\"ca24927\" data-element_type=\"column\" data-e-type=\"column\">\n\t\t\t<div class=\"elementor-widget-wrap elementor-element-populated\">\n\t\t\t\t\t\t<div class=\"elementor-element elementor-element-226eafe elementor-widget elementor-widget-text-editor\" data-id=\"226eafe\" data-element_type=\"widget\" data-e-type=\"widget\" data-widget_type=\"text-editor.default\">\n\t\t\t\t<div class=\"elementor-widget-container\">\n\t\t\t\t\t\t\t\t\t<h2>Agenda:\u00a0<\/h2>\t\t\t\t\t\t\t\t<\/div>\n\t\t\t\t<\/div>\n\t\t\t\t\t<\/div>\n\t\t<\/div>\n\t\t\t\t\t<\/div>\n\t\t<\/section>\n\t\t\t\t<section class=\"elementor-section elementor-top-section elementor-element elementor-element-5764eba elementor-section-boxed elementor-section-height-default elementor-section-height-default\" data-id=\"5764eba\" data-element_type=\"section\" data-e-type=\"section\">\n\t\t\t\t\t\t<div class=\"elementor-container elementor-column-gap-default\">\n\t\t\t\t\t<div class=\"elementor-column elementor-col-100 elementor-top-column elementor-element elementor-element-819985e\" data-id=\"819985e\" data-element_type=\"column\" data-e-type=\"column\">\n\t\t\t<div class=\"elementor-widget-wrap elementor-element-populated\">\n\t\t\t\t\t\t<div class=\"elementor-element elementor-element-6ddc29f elementor-widget elementor-widget-text-editor\" data-id=\"6ddc29f\" data-element_type=\"widget\" data-e-type=\"widget\" data-widget_type=\"text-editor.default\">\n\t\t\t\t<div class=\"elementor-widget-container\">\n\t\t\t\t\t\t\t\t\t<ul><li>Predstavljanje EIT FOOD i FoodEducators<\/li><li>Gost\/ predstavljanje primjera dobre prakse<\/li><\/ul>\t\t\t\t\t\t\t\t<\/div>\n\t\t\t\t<\/div>\n\t\t\t\t\t<\/div>\n\t\t<\/div>\n\t\t\t\t\t<\/div>\n\t\t<\/section>\n\t\t\t\t<section class=\"elementor-section elementor-top-section elementor-element elementor-element-58c1780 elementor-section-boxed elementor-section-height-default elementor-section-height-default\" data-id=\"58c1780\" data-element_type=\"section\" data-e-type=\"section\">\n\t\t\t\t\t\t<div class=\"elementor-container elementor-column-gap-default\">\n\t\t\t\t\t<div class=\"elementor-column elementor-col-100 elementor-top-column elementor-element elementor-element-eb3b4db\" data-id=\"eb3b4db\" data-element_type=\"column\" data-e-type=\"column\">\n\t\t\t<div class=\"elementor-widget-wrap elementor-element-populated\">\n\t\t\t\t\t\t<div class=\"elementor-element elementor-element-f0209be elementor-widget elementor-widget-text-editor\" data-id=\"f0209be\" data-element_type=\"widget\" data-e-type=\"widget\" data-widget_type=\"text-editor.default\">\n\t\t\t\t<div class=\"elementor-widget-container\">\n\t\t\t\t\t\t\t\t\t<p>Zainteresirani? Prijavite se ispunjavanjem <a href=\"https:\/\/share.hsforms.com\/1n3dChmMVRYecc5nOMG7QhA5b9de\">ovog obrasca<\/a>.\u00a0\u00a0<\/p><p>Veselimo se va\u0161em sudjelovanju!<\/p>\t\t\t\t\t\t\t\t<\/div>\n\t\t\t\t<\/div>\n\t\t\t\t\t<\/div>\n\t\t<\/div>\n\t\t\t\t\t<\/div>\n\t\t<\/section>\n\t\t\t\t<section class=\"elementor-section elementor-top-section elementor-element elementor-element-228c927 elementor-section-boxed elementor-section-height-default elementor-section-height-default\" data-id=\"228c927\" data-element_type=\"section\" data-e-type=\"section\">\n\t\t\t\t\t\t<div class=\"elementor-container elementor-column-gap-default\">\n\t\t\t\t\t<div class=\"elementor-column elementor-col-100 elementor-top-column elementor-element elementor-element-9246708\" data-id=\"9246708\" data-element_type=\"column\" data-e-type=\"column\">\n\t\t\t<div class=\"elementor-widget-wrap elementor-element-populated\">\n\t\t\t\t\t\t<div class=\"elementor-element elementor-element-5578266 elementor-align-center elementor-widget elementor-widget-button\" data-id=\"5578266\" data-element_type=\"widget\" data-e-type=\"widget\" data-widget_type=\"button.default\">\n\t\t\t\t<div class=\"elementor-widget-container\">\n\t\t\t\t\t\t\t\t\t<div class=\"elementor-button-wrapper\">\n\t\t\t\t\t<a class=\"elementor-button elementor-button-link elementor-size-sm\" href=\"https:\/\/share.hsforms.com\/1n3dChmMVRYecc5nOMG7QhA5b9de\" target=\"_blank\">\n\t\t\t\t\t\t<span class=\"elementor-button-content-wrapper\">\n\t\t\t\t\t\t\t\t\t<span class=\"elementor-button-text\">Prijavite se<\/span>\n\t\t\t\t\t<\/span>\n\t\t\t\t\t<\/a>\n\t\t\t\t<\/div>\n\t\t\t\t\t\t\t\t<\/div>\n\t\t\t\t<\/div>\n\t\t\t\t\t<\/div>\n\t\t<\/div>\n\t\t\t\t\t<\/div>\n\t\t<\/section>\n\t\t\t\t<\/div>\n\t\t","protected":false},"excerpt":{"rendered":"<p>Pridru\u017eite nam se na kratkom, ali sadr\u017eajnom informativnom webinaru na kojem \u0107emo predstaviti projekt FoodEducators, obrazovni program koji \u0161kolama pru\u017ea podr\u0161ku u integriranju tema hrane, odr\u017eivosti i zdravih \u017eivotnih navika u nastavu i \u0161kolske aktivnosti.<\/p>\n","protected":false},"author":4,"featured_media":18109,"parent":0,"menu_order":0,"comment_status":"closed","ping_status":"closed","template":"","meta":{"_acf_changed":false,"content-type":"","_uf_show_specific_survey":0,"_uf_disable_surveys":false,"_themeisle_gutenberg_block_has_review":false,"footnotes":""},"categories":[],"tags":[200],"class_list":["post-18107","page","type-page","status-publish","has-post-thumbnail","hentry","tag-foodeducators-hr"],"acf":[],"yoast_head":"<!-- This site is optimized with the Yoast SEO plugin v27.4 - https:\/\/yoast.com\/product\/yoast-seo-wordpress\/ -->\n<title>FoodEducators info webinar - Predstavljanje projekta i obrazovanja o hrani - Smion<\/title>\n<meta name=\"description\" content=\"Pridru\u017eite nam se na kratkom, ali sadr\u017eajnom informativnom webinaru na kojem \u0107emo predstaviti projekt obrazovni program FoodEducators.\" \/>\n<meta name=\"robots\" content=\"index, follow, max-snippet:-1, max-image-preview:large, max-video-preview:-1\" \/>\n<link rel=\"canonical\" href=\"https:\/\/smion.com\/hr\/foodeducators-info-webinar-predstavljanje-projekta-i-obrazovanja-o-hrani\/\" \/>\n<meta property=\"og:locale\" content=\"hr_HR\" \/>\n<meta property=\"og:type\" content=\"article\" \/>\n<meta property=\"og:title\" content=\"FoodEducators info webinar - Predstavljanje projekta i obrazovanja o hrani - Smion\" \/>\n<meta property=\"og:description\" content=\"Pridru\u017eite nam se na kratkom, ali sadr\u017eajnom informativnom webinaru na kojem \u0107emo predstaviti projekt obrazovni program FoodEducators.\" \/>\n<meta property=\"og:url\" content=\"https:\/\/smion.com\/hr\/foodeducators-info-webinar-predstavljanje-projekta-i-obrazovanja-o-hrani\/\" \/>\n<meta property=\"og:site_name\" content=\"Smion\" \/>\n<meta property=\"article:publisher\" content=\"https:\/\/www.facebook.com\/smion.daretoinnovate\" \/>\n<meta property=\"article:modified_time\" content=\"2025-05-29T10:00:22+00:00\" \/>\n<meta property=\"og:image\" content=\"https:\/\/smion.com\/wp-content\/uploads\/2025\/05\/Info-Webinar-1.png\" \/>\n\t<meta property=\"og:image:width\" content=\"1920\" \/>\n\t<meta property=\"og:image:height\" content=\"1080\" \/>\n\t<meta property=\"og:image:type\" content=\"image\/png\" \/>\n<meta name=\"twitter:card\" content=\"summary_large_image\" \/>\n<meta name=\"twitter:label1\" content=\"Procijenjeno vrijeme \u010ditanja\" \/>\n\t<meta name=\"twitter:data1\" content=\"1 minuta\" \/>\n<script type=\"application\/ld+json\" class=\"yoast-schema-graph\">{\"@context\":\"https:\\\/\\\/schema.org\",\"@graph\":[{\"@type\":\"WebPage\",\"@id\":\"https:\\\/\\\/smion.com\\\/hr\\\/foodeducators-info-webinar-predstavljanje-projekta-i-obrazovanja-o-hrani\\\/\",\"url\":\"https:\\\/\\\/smion.com\\\/hr\\\/foodeducators-info-webinar-predstavljanje-projekta-i-obrazovanja-o-hrani\\\/\",\"name\":\"FoodEducators info webinar - Predstavljanje projekta i obrazovanja o hrani - Smion\",\"isPartOf\":{\"@id\":\"https:\\\/\\\/smion.com\\\/#website\"},\"primaryImageOfPage\":{\"@id\":\"https:\\\/\\\/smion.com\\\/hr\\\/foodeducators-info-webinar-predstavljanje-projekta-i-obrazovanja-o-hrani\\\/#primaryimage\"},\"image\":{\"@id\":\"https:\\\/\\\/smion.com\\\/hr\\\/foodeducators-info-webinar-predstavljanje-projekta-i-obrazovanja-o-hrani\\\/#primaryimage\"},\"thumbnailUrl\":\"https:\\\/\\\/smion.com\\\/wp-content\\\/uploads\\\/2025\\\/05\\\/Info-Webinar-1.png\",\"datePublished\":\"2025-05-29T09:55:29+00:00\",\"dateModified\":\"2025-05-29T10:00:22+00:00\",\"description\":\"Pridru\u017eite nam se na kratkom, ali sadr\u017eajnom informativnom webinaru na kojem \u0107emo predstaviti projekt obrazovni program FoodEducators.\",\"breadcrumb\":{\"@id\":\"https:\\\/\\\/smion.com\\\/hr\\\/foodeducators-info-webinar-predstavljanje-projekta-i-obrazovanja-o-hrani\\\/#breadcrumb\"},\"inLanguage\":\"hr\",\"potentialAction\":[{\"@type\":\"ReadAction\",\"target\":[\"https:\\\/\\\/smion.com\\\/hr\\\/foodeducators-info-webinar-predstavljanje-projekta-i-obrazovanja-o-hrani\\\/\"]}]},{\"@type\":\"ImageObject\",\"inLanguage\":\"hr\",\"@id\":\"https:\\\/\\\/smion.com\\\/hr\\\/foodeducators-info-webinar-predstavljanje-projekta-i-obrazovanja-o-hrani\\\/#primaryimage\",\"url\":\"https:\\\/\\\/smion.com\\\/wp-content\\\/uploads\\\/2025\\\/05\\\/Info-Webinar-1.png\",\"contentUrl\":\"https:\\\/\\\/smion.com\\\/wp-content\\\/uploads\\\/2025\\\/05\\\/Info-Webinar-1.png\",\"width\":1920,\"height\":1080,\"caption\":\"Info Webinar #1 FoodEducators\"},{\"@type\":\"BreadcrumbList\",\"@id\":\"https:\\\/\\\/smion.com\\\/hr\\\/foodeducators-info-webinar-predstavljanje-projekta-i-obrazovanja-o-hrani\\\/#breadcrumb\",\"itemListElement\":[{\"@type\":\"ListItem\",\"position\":1,\"name\":\"Home\",\"item\":\"https:\\\/\\\/smion.com\\\/\"},{\"@type\":\"ListItem\",\"position\":2,\"name\":\"FoodEducators info webinar &#8211; Predstavljanje projekta i obrazovanja o hrani\"}]},{\"@type\":\"WebSite\",\"@id\":\"https:\\\/\\\/smion.com\\\/#website\",\"url\":\"https:\\\/\\\/smion.com\\\/\",\"name\":\"Smion\",\"description\":\"Dare to Innovate\",\"publisher\":{\"@id\":\"https:\\\/\\\/smion.com\\\/#organization\"},\"potentialAction\":[{\"@type\":\"SearchAction\",\"target\":{\"@type\":\"EntryPoint\",\"urlTemplate\":\"https:\\\/\\\/smion.com\\\/?s={search_term_string}\"},\"query-input\":{\"@type\":\"PropertyValueSpecification\",\"valueRequired\":true,\"valueName\":\"search_term_string\"}}],\"inLanguage\":\"hr\"},{\"@type\":\"Organization\",\"@id\":\"https:\\\/\\\/smion.com\\\/#organization\",\"name\":\"Smion\",\"url\":\"https:\\\/\\\/smion.com\\\/\",\"logo\":{\"@type\":\"ImageObject\",\"inLanguage\":\"hr\",\"@id\":\"https:\\\/\\\/smion.com\\\/#\\\/schema\\\/logo\\\/image\\\/\",\"url\":\"https:\\\/\\\/smion.com\\\/wp-content\\\/uploads\\\/2023\\\/05\\\/Crno-bijela-pozadina-19-sec.gif\",\"contentUrl\":\"https:\\\/\\\/smion.com\\\/wp-content\\\/uploads\\\/2023\\\/05\\\/Crno-bijela-pozadina-19-sec.gif\",\"width\":199,\"height\":100,\"caption\":\"Smion\"},\"image\":{\"@id\":\"https:\\\/\\\/smion.com\\\/#\\\/schema\\\/logo\\\/image\\\/\"},\"sameAs\":[\"https:\\\/\\\/www.facebook.com\\\/smion.daretoinnovate\",\"https:\\\/\\\/www.linkedin.com\\\/company\\\/smioninnovation\\\/\"]}]}<\/script>\n<!-- \/ Yoast SEO plugin. -->","yoast_head_json":{"title":"FoodEducators info webinar - Predstavljanje projekta i obrazovanja o hrani - Smion","description":"Pridru\u017eite nam se na kratkom, ali sadr\u017eajnom informativnom webinaru na kojem \u0107emo predstaviti projekt obrazovni program FoodEducators.","robots":{"index":"index","follow":"follow","max-snippet":"max-snippet:-1","max-image-preview":"max-image-preview:large","max-video-preview":"max-video-preview:-1"},"canonical":"https:\/\/smion.com\/hr\/foodeducators-info-webinar-predstavljanje-projekta-i-obrazovanja-o-hrani\/","og_locale":"hr_HR","og_type":"article","og_title":"FoodEducators info webinar - Predstavljanje projekta i obrazovanja o hrani - Smion","og_description":"Pridru\u017eite nam se na kratkom, ali sadr\u017eajnom informativnom webinaru na kojem \u0107emo predstaviti projekt obrazovni program FoodEducators.","og_url":"https:\/\/smion.com\/hr\/foodeducators-info-webinar-predstavljanje-projekta-i-obrazovanja-o-hrani\/","og_site_name":"Smion","article_publisher":"https:\/\/www.facebook.com\/smion.daretoinnovate","article_modified_time":"2025-05-29T10:00:22+00:00","og_image":[{"width":1920,"height":1080,"url":"https:\/\/smion.com\/wp-content\/uploads\/2025\/05\/Info-Webinar-1.png","type":"image\/png"}],"twitter_card":"summary_large_image","twitter_misc":{"Procijenjeno vrijeme \u010ditanja":"1 minuta"},"schema":{"@context":"https:\/\/schema.org","@graph":[{"@type":"WebPage","@id":"https:\/\/smion.com\/hr\/foodeducators-info-webinar-predstavljanje-projekta-i-obrazovanja-o-hrani\/","url":"https:\/\/smion.com\/hr\/foodeducators-info-webinar-predstavljanje-projekta-i-obrazovanja-o-hrani\/","name":"FoodEducators info webinar - Predstavljanje projekta i obrazovanja o hrani - Smion","isPartOf":{"@id":"https:\/\/smion.com\/#website"},"primaryImageOfPage":{"@id":"https:\/\/smion.com\/hr\/foodeducators-info-webinar-predstavljanje-projekta-i-obrazovanja-o-hrani\/#primaryimage"},"image":{"@id":"https:\/\/smion.com\/hr\/foodeducators-info-webinar-predstavljanje-projekta-i-obrazovanja-o-hrani\/#primaryimage"},"thumbnailUrl":"https:\/\/smion.com\/wp-content\/uploads\/2025\/05\/Info-Webinar-1.png","datePublished":"2025-05-29T09:55:29+00:00","dateModified":"2025-05-29T10:00:22+00:00","description":"Pridru\u017eite nam se na kratkom, ali sadr\u017eajnom informativnom webinaru na kojem \u0107emo predstaviti projekt obrazovni program FoodEducators.","breadcrumb":{"@id":"https:\/\/smion.com\/hr\/foodeducators-info-webinar-predstavljanje-projekta-i-obrazovanja-o-hrani\/#breadcrumb"},"inLanguage":"hr","potentialAction":[{"@type":"ReadAction","target":["https:\/\/smion.com\/hr\/foodeducators-info-webinar-predstavljanje-projekta-i-obrazovanja-o-hrani\/"]}]},{"@type":"ImageObject","inLanguage":"hr","@id":"https:\/\/smion.com\/hr\/foodeducators-info-webinar-predstavljanje-projekta-i-obrazovanja-o-hrani\/#primaryimage","url":"https:\/\/smion.com\/wp-content\/uploads\/2025\/05\/Info-Webinar-1.png","contentUrl":"https:\/\/smion.com\/wp-content\/uploads\/2025\/05\/Info-Webinar-1.png","width":1920,"height":1080,"caption":"Info Webinar #1 FoodEducators"},{"@type":"BreadcrumbList","@id":"https:\/\/smion.com\/hr\/foodeducators-info-webinar-predstavljanje-projekta-i-obrazovanja-o-hrani\/#breadcrumb","itemListElement":[{"@type":"ListItem","position":1,"name":"Home","item":"https:\/\/smion.com\/"},{"@type":"ListItem","position":2,"name":"FoodEducators info webinar &#8211; Predstavljanje projekta i obrazovanja o hrani"}]},{"@type":"WebSite","@id":"https:\/\/smion.com\/#website","url":"https:\/\/smion.com\/","name":"Smion","description":"Dare to Innovate","publisher":{"@id":"https:\/\/smion.com\/#organization"},"potentialAction":[{"@type":"SearchAction","target":{"@type":"EntryPoint","urlTemplate":"https:\/\/smion.com\/?s={search_term_string}"},"query-input":{"@type":"PropertyValueSpecification","valueRequired":true,"valueName":"search_term_string"}}],"inLanguage":"hr"},{"@type":"Organization","@id":"https:\/\/smion.com\/#organization","name":"Smion","url":"https:\/\/smion.com\/","logo":{"@type":"ImageObject","inLanguage":"hr","@id":"https:\/\/smion.com\/#\/schema\/logo\/image\/","url":"https:\/\/smion.com\/wp-content\/uploads\/2023\/05\/Crno-bijela-pozadina-19-sec.gif","contentUrl":"https:\/\/smion.com\/wp-content\/uploads\/2023\/05\/Crno-bijela-pozadina-19-sec.gif","width":199,"height":100,"caption":"Smion"},"image":{"@id":"https:\/\/smion.com\/#\/schema\/logo\/image\/"},"sameAs":["https:\/\/www.facebook.com\/smion.daretoinnovate","https:\/\/www.linkedin.com\/company\/smioninnovation\/"]}]}},"_links":{"self":[{"href":"https:\/\/smion.com\/hr\/wp-json\/wp\/v2\/pages\/18107","targetHints":{"allow":["GET"]}}],"collection":[{"href":"https:\/\/smion.com\/hr\/wp-json\/wp\/v2\/pages"}],"about":[{"href":"https:\/\/smion.com\/hr\/wp-json\/wp\/v2\/types\/page"}],"author":[{"embeddable":true,"href":"https:\/\/smion.com\/hr\/wp-json\/wp\/v2\/users\/4"}],"replies":[{"embeddable":true,"href":"https:\/\/smion.com\/hr\/wp-json\/wp\/v2\/comments?post=18107"}],"version-history":[{"count":7,"href":"https:\/\/smion.com\/hr\/wp-json\/wp\/v2\/pages\/18107\/revisions"}],"predecessor-version":[{"id":18116,"href":"https:\/\/smion.com\/hr\/wp-json\/wp\/v2\/pages\/18107\/revisions\/18116"}],"wp:featuredmedia":[{"embeddable":true,"href":"https:\/\/smion.com\/hr\/wp-json\/wp\/v2\/media\/18109"}],"wp:attachment":[{"href":"https:\/\/smion.com\/hr\/wp-json\/wp\/v2\/media?parent=18107"}],"wp:term":[{"taxonomy":"category","embeddable":true,"href":"https:\/\/smion.com\/hr\/wp-json\/wp\/v2\/categories?post=18107"},{"taxonomy":"post_tag","embeddable":true,"href":"https:\/\/smion.com\/hr\/wp-json\/wp\/v2\/tags?post=18107"}],"curies":[{"name":"wp","href":"https:\/\/api.w.org\/{rel}","templated":true}]}}